{"id":93,"date":"2024-02-08T19:40:09","date_gmt":"2024-02-08T18:40:09","guid":{"rendered":"http:\/\/5.150.219.51:61202\/?page_id=93"},"modified":"2026-02-24T20:15:12","modified_gmt":"2026-02-24T19:15:12","slug":"storstugan","status":"publish","type":"page","link":"https:\/\/lindhesidan.se\/?page_id=93","title":{"rendered":"Storstugan"},"content":{"rendered":"\n<figure class=\"wp-block-image size-large\"><img loading=\"lazy\" decoding=\"async\" width=\"1024\" height=\"576\" src=\"https:\/\/lindhesidan.se\/wp-content\/uploads\/2025\/08\/IMG_1707-1-1024x576.jpeg\" alt=\"\" class=\"wp-image-1138\" srcset=\"https:\/\/lindhesidan.se\/wp-content\/uploads\/2025\/08\/IMG_1707-1-1024x576.jpeg 1024w, https:\/\/lindhesidan.se\/wp-content\/uploads\/2025\/08\/IMG_1707-1-300x169.jpeg 300w, https:\/\/lindhesidan.se\/wp-content\/uploads\/2025\/08\/IMG_1707-1-768x432.jpeg 768w, https:\/\/lindhesidan.se\/wp-content\/uploads\/2025\/08\/IMG_1707-1-1536x864.jpeg 1536w, https:\/\/lindhesidan.se\/wp-content\/uploads\/2025\/08\/IMG_1707-1-2048x1152.jpeg 2048w\" sizes=\"auto, (max-width: 1024px) 100vw, 1024px\" \/><\/figure>\n\n\n\n<p>H\u00e4r har vi Storstugan p\u00e5 tomten. Den \u00e4r p\u00e5 45 kvm och best\u00e5r av Gillesstuga-sovrum-badrum och sovloft med plats f\u00f6r 4 personer. Det \u00e4r en finsk timmerstuga med isolerande skikt mellan stockarna. Ganska sval p\u00e5 sommaren och hyfsat varm p\u00e5 vintern. Den v\u00e4rms upp av en luft-luft v\u00e4rmepump och en braskamin. Toan har golvv\u00e4rme och handukstork som ocks\u00e5 bidrar till v\u00e4rmen. K\u00f6ket har induktionsspis och det mesta f\u00f6t att hysa ett hush\u00e5ll p\u00e5 4 personer. Frys finns i lillstugan. Tv med ljudanl\u00e4ggning \u00e4r installerad i gillesstugan.<\/p>\n\n\n\n<figure class=\"wp-block-image size-large\"><img loading=\"lazy\" decoding=\"async\" width=\"1024\" height=\"768\" src=\"https:\/\/lindhesidan.se\/wp-content\/uploads\/2025\/08\/IMG_9066-1024x768.jpeg\" alt=\"\" class=\"wp-image-1141\" srcset=\"https:\/\/lindhesidan.se\/wp-content\/uploads\/2025\/08\/IMG_9066-1024x768.jpeg 1024w, https:\/\/lindhesidan.se\/wp-content\/uploads\/2025\/08\/IMG_9066-300x225.jpeg 300w, https:\/\/lindhesidan.se\/wp-content\/uploads\/2025\/08\/IMG_9066-768x576.jpeg 768w, https:\/\/lindhesidan.se\/wp-content\/uploads\/2025\/08\/IMG_9066-1536x1152.jpeg 1536w, https:\/\/lindhesidan.se\/wp-content\/uploads\/2025\/08\/IMG_9066-2048x1536.jpeg 2048w\" sizes=\"auto, (max-width: 1024px) 100vw, 1024px\" \/><figcaption class=\"wp-element-caption\">Loftet<\/figcaption><\/figure>\n\n\n\n<p>Detta \u00e4r gillesstugan som har ing\u00e5ng fr\u00e5n altanen. Huvuding\u00e5ngen \u00e4r p\u00e5 andra sidan huset. Det finns tv och musikanl\u00e4ggning d\u00e4r och k\u00f6ket har Induktionsspis och kyl men frysen finns i lillstugan. H\u00e4r sitter alla gott b\u00e5de till mat och kv\u00e4llsmys.<\/p>\n\n\n\n<figure class=\"wp-block-gallery has-nested-images columns-2 is-cropped wp-block-gallery-1 is-layout-flex wp-block-gallery-is-layout-flex\">\n<figure class=\"wp-block-image size-large\"><img loading=\"lazy\" decoding=\"async\" width=\"1024\" height=\"768\" data-id=\"772\" src=\"http:\/\/lindhesidan.se\/wp-content\/uploads\/2024\/03\/IMG_9062-1024x768.jpeg\" alt=\"\" class=\"wp-image-772\" srcset=\"https:\/\/lindhesidan.se\/wp-content\/uploads\/2024\/03\/IMG_9062-1024x768.jpeg 1024w, https:\/\/lindhesidan.se\/wp-content\/uploads\/2024\/03\/IMG_9062-300x225.jpeg 300w, https:\/\/lindhesidan.se\/wp-content\/uploads\/2024\/03\/IMG_9062-768x576.jpeg 768w, https:\/\/lindhesidan.se\/wp-content\/uploads\/2024\/03\/IMG_9062-1536x1152.jpeg 1536w, https:\/\/lindhesidan.se\/wp-content\/uploads\/2024\/03\/IMG_9062-2048x1536.jpeg 2048w\" sizes=\"auto, (max-width: 1024px) 100vw, 1024px\" \/><figcaption class=\"wp-element-caption\">gillesstugan<\/figcaption><\/figure>\n\n\n\n<figure class=\"wp-block-image size-large\"><img loading=\"lazy\" decoding=\"async\" width=\"1024\" height=\"768\" data-id=\"774\" src=\"http:\/\/lindhesidan.se\/wp-content\/uploads\/2024\/03\/IMG_9061-1024x768.jpeg\" alt=\"\" class=\"wp-image-774\" srcset=\"https:\/\/lindhesidan.se\/wp-content\/uploads\/2024\/03\/IMG_9061-1024x768.jpeg 1024w, https:\/\/lindhesidan.se\/wp-content\/uploads\/2024\/03\/IMG_9061-300x225.jpeg 300w, https:\/\/lindhesidan.se\/wp-content\/uploads\/2024\/03\/IMG_9061-768x576.jpeg 768w, https:\/\/lindhesidan.se\/wp-content\/uploads\/2024\/03\/IMG_9061-1536x1152.jpeg 1536w, https:\/\/lindhesidan.se\/wp-content\/uploads\/2024\/03\/IMG_9061-2048x1536.jpeg 2048w\" sizes=\"auto, (max-width: 1024px) 100vw, 1024px\" \/><figcaption class=\"wp-element-caption\">fikah\u00f6rnan<\/figcaption><\/figure>\n\n\n\n<figure class=\"wp-block-image size-large\"><img loading=\"lazy\" decoding=\"async\" width=\"1024\" height=\"768\" data-id=\"776\" src=\"http:\/\/lindhesidan.se\/wp-content\/uploads\/2024\/03\/IMG_9071-1024x768.jpeg\" alt=\"\" class=\"wp-image-776\" srcset=\"https:\/\/lindhesidan.se\/wp-content\/uploads\/2024\/03\/IMG_9071-1024x768.jpeg 1024w, https:\/\/lindhesidan.se\/wp-content\/uploads\/2024\/03\/IMG_9071-300x225.jpeg 300w, https:\/\/lindhesidan.se\/wp-content\/uploads\/2024\/03\/IMG_9071-768x576.jpeg 768w, https:\/\/lindhesidan.se\/wp-content\/uploads\/2024\/03\/IMG_9071-1536x1152.jpeg 1536w, https:\/\/lindhesidan.se\/wp-content\/uploads\/2024\/03\/IMG_9071-2048x1536.jpeg 2048w\" sizes=\"auto, (max-width: 1024px) 100vw, 1024px\" \/><figcaption class=\"wp-element-caption\">hallen<\/figcaption><\/figure>\n\n\n\n<figure class=\"wp-block-image size-large\"><img loading=\"lazy\" decoding=\"async\" width=\"1024\" height=\"768\" data-id=\"775\" src=\"http:\/\/lindhesidan.se\/wp-content\/uploads\/2024\/03\/IMG_9064-1024x768.jpeg\" alt=\"\" class=\"wp-image-775\" srcset=\"https:\/\/lindhesidan.se\/wp-content\/uploads\/2024\/03\/IMG_9064-1024x768.jpeg 1024w, https:\/\/lindhesidan.se\/wp-content\/uploads\/2024\/03\/IMG_9064-300x225.jpeg 300w, https:\/\/lindhesidan.se\/wp-content\/uploads\/2024\/03\/IMG_9064-768x576.jpeg 768w, https:\/\/lindhesidan.se\/wp-content\/uploads\/2024\/03\/IMG_9064-1536x1152.jpeg 1536w, https:\/\/lindhesidan.se\/wp-content\/uploads\/2024\/03\/IMG_9064-2048x1536.jpeg 2048w\" sizes=\"auto, (max-width: 1024px) 100vw, 1024px\" \/><figcaption class=\"wp-element-caption\">sovloftet<\/figcaption><\/figure>\n\n\n\n<figure class=\"wp-block-image size-large\"><img loading=\"lazy\" decoding=\"async\" width=\"1024\" height=\"768\" data-id=\"778\" src=\"http:\/\/lindhesidan.se\/wp-content\/uploads\/2024\/03\/IMG_9061-1-1024x768.jpeg\" alt=\"\" class=\"wp-image-778\" srcset=\"https:\/\/lindhesidan.se\/wp-content\/uploads\/2024\/03\/IMG_9061-1-1024x768.jpeg 1024w, https:\/\/lindhesidan.se\/wp-content\/uploads\/2024\/03\/IMG_9061-1-300x225.jpeg 300w, https:\/\/lindhesidan.se\/wp-content\/uploads\/2024\/03\/IMG_9061-1-768x576.jpeg 768w, https:\/\/lindhesidan.se\/wp-content\/uploads\/2024\/03\/IMG_9061-1-1536x1152.jpeg 1536w, https:\/\/lindhesidan.se\/wp-content\/uploads\/2024\/03\/IMG_9061-1-2048x1536.jpeg 2048w\" sizes=\"auto, (max-width: 1024px) 100vw, 1024px\" \/><figcaption class=\"wp-element-caption\">k\u00f6ket med stor braskamin och luftv\u00e4rmepump och matplats f\u00f6r 6 pers.<\/figcaption><\/figure>\n\n\n\n<figure class=\"wp-block-image size-large\"><img loading=\"lazy\" decoding=\"async\" width=\"1024\" height=\"683\" data-id=\"604\" src=\"http:\/\/lindhesidan.se\/wp-content\/uploads\/2024\/02\/S-3-1024x683.jpg\" alt=\"\" class=\"wp-image-604\" srcset=\"https:\/\/lindhesidan.se\/wp-content\/uploads\/2024\/02\/S-3-1024x683.jpg 1024w, https:\/\/lindhesidan.se\/wp-content\/uploads\/2024\/02\/S-3-300x200.jpg 300w, https:\/\/lindhesidan.se\/wp-content\/uploads\/2024\/02\/S-3-768x512.jpg 768w, https:\/\/lindhesidan.se\/wp-content\/uploads\/2024\/02\/S-3-1536x1025.jpg 1536w, https:\/\/lindhesidan.se\/wp-content\/uploads\/2024\/02\/S-3-2048x1366.jpg 2048w\" sizes=\"auto, (max-width: 1024px) 100vw, 1024px\" \/><figcaption class=\"wp-element-caption\">vy mot gillestugan p\u00e5 loftet<\/figcaption><\/figure>\n\n\n\n<figure class=\"wp-block-image size-large\"><img loading=\"lazy\" decoding=\"async\" width=\"1024\" height=\"683\" data-id=\"13\" src=\"https:\/\/lindhesidan.se\/wp-content\/uploads\/2024\/02\/S-1-1024x683.jpg\" alt=\"\" class=\"wp-image-13\" srcset=\"https:\/\/lindhesidan.se\/wp-content\/uploads\/2024\/02\/S-1-1024x683.jpg 1024w, https:\/\/lindhesidan.se\/wp-content\/uploads\/2024\/02\/S-1-300x200.jpg 300w, https:\/\/lindhesidan.se\/wp-content\/uploads\/2024\/02\/S-1-768x512.jpg 768w, https:\/\/lindhesidan.se\/wp-content\/uploads\/2024\/02\/S-1-1536x1025.jpg 1536w, https:\/\/lindhesidan.se\/wp-content\/uploads\/2024\/02\/S-1-2048x1366.jpg 2048w, https:\/\/lindhesidan.se\/wp-content\/uploads\/2024\/02\/S-1-360x240.jpg 360w\" sizes=\"auto, (max-width: 1024px) 100vw, 1024px\" \/><figcaption class=\"wp-element-caption\">F\u00f6rsta bilden 2023 i maj p\u00e5 visningen<\/figcaption><\/figure>\n<\/figure>\n\n\n<figure class=\"gallery-item\"><\/figure>\n<figure class=\"gallery-item\"><\/figure>\n<figure class=\"gallery-item\"><\/figure>\n<figure class=\"gallery-item\"><\/figure>\n\n\n<p>N\u00e4r vi kom f\u00f6r f\u00f6r f\u00f6rsta g\u00e5ngen och l\u00e5ste upp med egna nycklar s\u00e5 s\u00e5g storstugan ut som p\u00e5 bilden. Nu \u00e4r det lite skillnad efter upppiffning av det mesta. <\/p>\n\n\n\n<figure class=\"wp-block-gallery has-nested-images columns-default is-cropped wp-block-gallery-2 is-layout-flex wp-block-gallery-is-layout-flex\">\n<figure class=\"wp-block-image size-large\"><img loading=\"lazy\" decoding=\"async\" width=\"1024\" height=\"576\" data-id=\"1318\" src=\"https:\/\/lindhesidan.se\/wp-content\/uploads\/2026\/02\/IMG_1706-1024x576.jpg\" alt=\"\" class=\"wp-image-1318\" srcset=\"https:\/\/lindhesidan.se\/wp-content\/uploads\/2026\/02\/IMG_1706-1024x576.jpg 1024w, https:\/\/lindhesidan.se\/wp-content\/uploads\/2026\/02\/IMG_1706-300x169.jpg 300w, https:\/\/lindhesidan.se\/wp-content\/uploads\/2026\/02\/IMG_1706-768x432.jpg 768w, https:\/\/lindhesidan.se\/wp-content\/uploads\/2026\/02\/IMG_1706-1536x864.jpg 1536w, https:\/\/lindhesidan.se\/wp-content\/uploads\/2026\/02\/IMG_1706-2048x1152.jpg 2048w\" sizes=\"auto, (max-width: 1024px) 100vw, 1024px\" \/><\/figure>\n\n\n\n<figure class=\"wp-block-image size-large\"><img loading=\"lazy\" decoding=\"async\" width=\"1024\" height=\"576\" data-id=\"1317\" src=\"https:\/\/lindhesidan.se\/wp-content\/uploads\/2026\/02\/IMG_1707-1024x576.jpg\" alt=\"\" class=\"wp-image-1317\" srcset=\"https:\/\/lindhesidan.se\/wp-content\/uploads\/2026\/02\/IMG_1707-1024x576.jpg 1024w, https:\/\/lindhesidan.se\/wp-content\/uploads\/2026\/02\/IMG_1707-300x169.jpg 300w, https:\/\/lindhesidan.se\/wp-content\/uploads\/2026\/02\/IMG_1707-768x432.jpg 768w, https:\/\/lindhesidan.se\/wp-content\/uploads\/2026\/02\/IMG_1707-1536x864.jpg 1536w, https:\/\/lindhesidan.se\/wp-content\/uploads\/2026\/02\/IMG_1707-2048x1152.jpg 2048w\" sizes=\"auto, (max-width: 1024px) 100vw, 1024px\" \/><\/figure>\n\n\n\n<figure class=\"wp-block-image size-large\"><img loading=\"lazy\" decoding=\"async\" width=\"1024\" height=\"576\" data-id=\"1316\" src=\"https:\/\/lindhesidan.se\/wp-content\/uploads\/2026\/02\/IMG_1711-1024x576.jpg\" alt=\"\" class=\"wp-image-1316\" srcset=\"https:\/\/lindhesidan.se\/wp-content\/uploads\/2026\/02\/IMG_1711-1024x576.jpg 1024w, https:\/\/lindhesidan.se\/wp-content\/uploads\/2026\/02\/IMG_1711-300x169.jpg 300w, https:\/\/lindhesidan.se\/wp-content\/uploads\/2026\/02\/IMG_1711-768x432.jpg 768w, https:\/\/lindhesidan.se\/wp-content\/uploads\/2026\/02\/IMG_1711-1536x864.jpg 1536w, https:\/\/lindhesidan.se\/wp-content\/uploads\/2026\/02\/IMG_1711-2048x1152.jpg 2048w\" sizes=\"auto, (max-width: 1024px) 100vw, 1024px\" \/><\/figure>\n\n\n\n<figure class=\"wp-block-image size-large\"><img loading=\"lazy\" decoding=\"async\" width=\"768\" height=\"1024\" data-id=\"1314\" src=\"https:\/\/lindhesidan.se\/wp-content\/uploads\/2026\/02\/IMG_1676-768x1024.jpg\" alt=\"\" class=\"wp-image-1314\" srcset=\"https:\/\/lindhesidan.se\/wp-content\/uploads\/2026\/02\/IMG_1676-768x1024.jpg 768w, https:\/\/lindhesidan.se\/wp-content\/uploads\/2026\/02\/IMG_1676-225x300.jpg 225w, https:\/\/lindhesidan.se\/wp-content\/uploads\/2026\/02\/IMG_1676-1152x1536.jpg 1152w, https:\/\/lindhesidan.se\/wp-content\/uploads\/2026\/02\/IMG_1676-1536x2048.jpg 1536w, https:\/\/lindhesidan.se\/wp-content\/uploads\/2026\/02\/IMG_1676-scaled.jpg 1920w\" sizes=\"auto, (max-width: 768px) 100vw, 768px\" \/><\/figure>\n<\/figure>\n\n\n\n<figure class=\"wp-block-image size-large\"><img loading=\"lazy\" decoding=\"async\" width=\"1024\" height=\"768\" src=\"https:\/\/lindhesidan.se\/wp-content\/uploads\/2026\/02\/IMG_20250808_231623-1024x768.jpg\" alt=\"\" class=\"wp-image-1319\" srcset=\"https:\/\/lindhesidan.se\/wp-content\/uploads\/2026\/02\/IMG_20250808_231623-1024x768.jpg 1024w, https:\/\/lindhesidan.se\/wp-content\/uploads\/2026\/02\/IMG_20250808_231623-300x225.jpg 300w, https:\/\/lindhesidan.se\/wp-content\/uploads\/2026\/02\/IMG_20250808_231623-768x576.jpg 768w, https:\/\/lindhesidan.se\/wp-content\/uploads\/2026\/02\/IMG_20250808_231623-1536x1152.jpg 1536w, https:\/\/lindhesidan.se\/wp-content\/uploads\/2026\/02\/IMG_20250808_231623-2048x1536.jpg 2048w\" sizes=\"auto, (max-width: 1024px) 100vw, 1024px\" \/><\/figure>\n\n\n\n<figure class=\"wp-block-image size-large\"><img loading=\"lazy\" decoding=\"async\" width=\"1024\" height=\"576\" src=\"https:\/\/lindhesidan.se\/wp-content\/uploads\/2026\/02\/IMG_1690-1024x576.jpg\" alt=\"\" class=\"wp-image-1315\" srcset=\"https:\/\/lindhesidan.se\/wp-content\/uploads\/2026\/02\/IMG_1690-1024x576.jpg 1024w, https:\/\/lindhesidan.se\/wp-content\/uploads\/2026\/02\/IMG_1690-300x169.jpg 300w, https:\/\/lindhesidan.se\/wp-content\/uploads\/2026\/02\/IMG_1690-768x432.jpg 768w, https:\/\/lindhesidan.se\/wp-content\/uploads\/2026\/02\/IMG_1690-1536x864.jpg 1536w, https:\/\/lindhesidan.se\/wp-content\/uploads\/2026\/02\/IMG_1690.jpg 1920w\" sizes=\"auto, (max-width: 1024px) 100vw, 1024px\" \/><\/figure>\n","protected":false},"excerpt":{"rendered":"<p>H\u00e4r har vi Storstugan p\u00e5 tomten. Den \u00e4r p\u00e5 45 kvm och best\u00e5r av Gillesstuga-sovrum-badrum och sovloft med plats f\u00f6r 4 personer. Det \u00e4r en finsk timmerstuga med isolerande skikt mellan stockarna. Ganska sval p\u00e5 sommaren och hyfsat varm p\u00e5 vintern. Den v\u00e4rms upp av en luft-luft v\u00e4rmepump och en braskamin. Toan har golvv\u00e4rme och [&hellip;]<\/p>\n","protected":false},"author":1,"featured_media":0,"parent":314,"menu_order":0,"comment_status":"closed","ping_status":"closed","template":"","meta":{"footnotes":""},"class_list":["post-93","page","type-page","status-publish","hentry"],"_links":{"self":[{"href":"https:\/\/lindhesidan.se\/index.php?rest_route=\/wp\/v2\/pages\/93","targetHints":{"allow":["GET"]}}],"collection":[{"href":"https:\/\/lindhesidan.se\/index.php?rest_route=\/wp\/v2\/pages"}],"about":[{"href":"https:\/\/lindhesidan.se\/index.php?rest_route=\/wp\/v2\/types\/page"}],"author":[{"embeddable":true,"href":"https:\/\/lindhesidan.se\/index.php?rest_route=\/wp\/v2\/users\/1"}],"replies":[{"embeddable":true,"href":"https:\/\/lindhesidan.se\/index.php?rest_route=%2Fwp%2Fv2%2Fcomments&post=93"}],"version-history":[{"count":17,"href":"https:\/\/lindhesidan.se\/index.php?rest_route=\/wp\/v2\/pages\/93\/revisions"}],"predecessor-version":[{"id":1321,"href":"https:\/\/lindhesidan.se\/index.php?rest_route=\/wp\/v2\/pages\/93\/revisions\/1321"}],"up":[{"embeddable":true,"href":"https:\/\/lindhesidan.se\/index.php?rest_route=\/wp\/v2\/pages\/314"}],"wp:attachment":[{"href":"https:\/\/lindhesidan.se\/index.php?rest_route=%2Fwp%2Fv2%2Fmedia&parent=93"}],"curies":[{"name":"wp","href":"https:\/\/api.w.org\/{rel}","templated":true}]}}