{"id":873,"date":"2024-10-21T19:02:14","date_gmt":"2024-10-21T17:02:14","guid":{"rendered":"http:\/\/lindhesidan.se\/?page_id=873"},"modified":"2026-02-12T18:51:44","modified_gmt":"2026-02-12T17:51:44","slug":"uthyrning","status":"publish","type":"page","link":"https:\/\/lindhesidan.se\/?page_id=873","title":{"rendered":"Uthyrning"},"content":{"rendered":"\n<div class=\"wp-block-buttons is-layout-flex wp-block-buttons-is-layout-flex\">\n<div class=\"wp-block-button\"><a class=\"wp-block-button__link wp-element-button\" href=\"mailto:sonnylindhe@gmail.com\">Kontakt<\/a><\/div>\n<\/div>\n\n\n\n<p>Vi t\u00e4nker oss kunna hyra ut de olika stugorna delar av \u00e5ret. Det finns m\u00f6jlighet att hyra ut \u00e4ven n\u00e4r vi \u00e4r d\u00e4r. D\u00e5 hyr man mellanstugan. Vi kan \u00e4ven t\u00e4nka oss hyra ut flera stugor samtidigt efter \u00f6verenskommelse. Fr\u00e4mst t\u00e4nker vi uthyrning av den mysiga Mellanstugan som har 4 st b\u00e4ddar, k\u00f6k-gillestuga och ett sovloft med en dubbels\u00e4ng. Ett Badrum med dusch och ett v\u00e4lutrustat k\u00f6k med kyl, frys och diskmaskin finns. Gott om parkering p\u00e5 tomten finns f\u00f6r g\u00e4ster. Lakan och handukar kan handhas f\u00f6r en  extra avgift. Omr\u00e5det runt stugan \u00e4r lugnt och barnv\u00e4nligt. Tomten \u00e4r en typisk \u00f6l\u00e4nsk naturtomt. En lekyta finns 100 m fr\u00e5n stugan boule och fotbollsm\u00e5l. Det \u00e4r cirka 10 min cykelv\u00e4g till centrum och havet. Cyklar kan ordnas mot avgift (2-3 st) Grundst\u00e4dning g\u00f6res av hyresg\u00e4sten efter vistelse,d\u00e5 vi inte alltid \u00e4r p\u00e5 plats. Sk\u00e5p med nyckel finns vid ankomst efter \u00f6verenskommelse.  L\u00e5ter detta intressant s\u00e5 tryck p\u00e5 kontakt f\u00f6r att maila oss.<\/p>\n\n\n\n<figure class=\"wp-block-image size-large\"><img loading=\"lazy\" decoding=\"async\" width=\"1024\" height=\"576\" src=\"https:\/\/lindhesidan.se\/wp-content\/uploads\/2025\/08\/IMG_1710-1024x576.jpg\" alt=\"\" class=\"wp-image-1117\" srcset=\"https:\/\/lindhesidan.se\/wp-content\/uploads\/2025\/08\/IMG_1710-1024x576.jpg 1024w, https:\/\/lindhesidan.se\/wp-content\/uploads\/2025\/08\/IMG_1710-300x169.jpg 300w, https:\/\/lindhesidan.se\/wp-content\/uploads\/2025\/08\/IMG_1710-768x432.jpg 768w, https:\/\/lindhesidan.se\/wp-content\/uploads\/2025\/08\/IMG_1710-1536x864.jpg 1536w, https:\/\/lindhesidan.se\/wp-content\/uploads\/2025\/08\/IMG_1710-2048x1152.jpg 2048w\" sizes=\"auto, (max-width: 1024px) 100vw, 1024px\" \/><figcaption class=\"wp-element-caption\">Mellanstugan<\/figcaption><\/figure>\n\n\n\n<figure class=\"wp-block-image size-large\"><img loading=\"lazy\" decoding=\"async\" width=\"1024\" height=\"768\" src=\"https:\/\/lindhesidan.se\/wp-content\/uploads\/2025\/08\/IMG_1700-1024x768.jpg\" alt=\"\" class=\"wp-image-1118\" srcset=\"https:\/\/lindhesidan.se\/wp-content\/uploads\/2025\/08\/IMG_1700-1024x768.jpg 1024w, https:\/\/lindhesidan.se\/wp-content\/uploads\/2025\/08\/IMG_1700-300x225.jpg 300w, https:\/\/lindhesidan.se\/wp-content\/uploads\/2025\/08\/IMG_1700-768x576.jpg 768w, https:\/\/lindhesidan.se\/wp-content\/uploads\/2025\/08\/IMG_1700-1536x1152.jpg 1536w, https:\/\/lindhesidan.se\/wp-content\/uploads\/2025\/08\/IMG_1700-2048x1536.jpg 2048w\" sizes=\"auto, (max-width: 1024px) 100vw, 1024px\" \/><\/figure>\n\n\n\n<figure class=\"wp-block-gallery has-nested-images columns-default is-cropped wp-block-gallery-1 is-layout-flex wp-block-gallery-is-layout-flex\">\n<figure class=\"wp-block-image size-large has-custom-border\"><img loading=\"lazy\" decoding=\"async\" width=\"1024\" height=\"576\" data-id=\"1159\" src=\"https:\/\/lindhesidan.se\/wp-content\/uploads\/2025\/08\/IMG_1709-1024x576.jpeg\" alt=\"\" class=\"wp-image-1159\" style=\"border-style:none;border-width:0px;border-radius:0px\" srcset=\"https:\/\/lindhesidan.se\/wp-content\/uploads\/2025\/08\/IMG_1709-1024x576.jpeg 1024w, https:\/\/lindhesidan.se\/wp-content\/uploads\/2025\/08\/IMG_1709-300x169.jpeg 300w, https:\/\/lindhesidan.se\/wp-content\/uploads\/2025\/08\/IMG_1709-768x432.jpeg 768w, https:\/\/lindhesidan.se\/wp-content\/uploads\/2025\/08\/IMG_1709-1536x864.jpeg 1536w, https:\/\/lindhesidan.se\/wp-content\/uploads\/2025\/08\/IMG_1709-2048x1152.jpeg 2048w\" sizes=\"auto, (max-width: 1024px) 100vw, 1024px\" \/><figcaption class=\"wp-element-caption\">Mellanstugan<\/figcaption><\/figure>\n\n\n\n<figure class=\"wp-block-image size-large\"><img loading=\"lazy\" decoding=\"async\" width=\"768\" height=\"1024\" data-id=\"136\" src=\"https:\/\/lindhesidan.se\/wp-content\/uploads\/2024\/02\/IMG_8379-768x1024.jpeg\" alt=\"\" class=\"wp-image-136\" srcset=\"https:\/\/lindhesidan.se\/wp-content\/uploads\/2024\/02\/IMG_8379-768x1024.jpeg 768w, https:\/\/lindhesidan.se\/wp-content\/uploads\/2024\/02\/IMG_8379-225x300.jpeg 225w, https:\/\/lindhesidan.se\/wp-content\/uploads\/2024\/02\/IMG_8379-1152x1536.jpeg 1152w, https:\/\/lindhesidan.se\/wp-content\/uploads\/2024\/02\/IMG_8379-1536x2048.jpeg 1536w, https:\/\/lindhesidan.se\/wp-content\/uploads\/2024\/02\/IMG_8379-scaled.jpeg 1920w\" sizes=\"auto, (max-width: 768px) 100vw, 768px\" \/><figcaption class=\"wp-element-caption\">Gillesstuga med kamin<\/figcaption><\/figure>\n\n\n\n<figure class=\"wp-block-image size-large\"><img loading=\"lazy\" decoding=\"async\" width=\"768\" height=\"1024\" data-id=\"793\" src=\"http:\/\/lindhesidan.se\/wp-content\/uploads\/2024\/03\/9B75D623-688E-47E6-9B8E-6D16E5952904-768x1024.jpeg\" alt=\"\" class=\"wp-image-793\" srcset=\"https:\/\/lindhesidan.se\/wp-content\/uploads\/2024\/03\/9B75D623-688E-47E6-9B8E-6D16E5952904-768x1024.jpeg 768w, https:\/\/lindhesidan.se\/wp-content\/uploads\/2024\/03\/9B75D623-688E-47E6-9B8E-6D16E5952904-225x300.jpeg 225w, https:\/\/lindhesidan.se\/wp-content\/uploads\/2024\/03\/9B75D623-688E-47E6-9B8E-6D16E5952904-1152x1536.jpeg 1152w, https:\/\/lindhesidan.se\/wp-content\/uploads\/2024\/03\/9B75D623-688E-47E6-9B8E-6D16E5952904-1536x2048.jpeg 1536w, https:\/\/lindhesidan.se\/wp-content\/uploads\/2024\/03\/9B75D623-688E-47E6-9B8E-6D16E5952904-scaled.jpeg 1920w\" sizes=\"auto, (max-width: 768px) 100vw, 768px\" \/><figcaption class=\"wp-element-caption\">Toa och dusch<\/figcaption><\/figure>\n\n\n\n<figure class=\"wp-block-image size-large\"><img loading=\"lazy\" decoding=\"async\" width=\"1024\" height=\"768\" data-id=\"797\" src=\"http:\/\/lindhesidan.se\/wp-content\/uploads\/2024\/03\/3392DCDE-5416-42BE-9B54-1D77FB6F5C48_1_102_o-1024x768.jpeg\" alt=\"\" class=\"wp-image-797\" srcset=\"https:\/\/lindhesidan.se\/wp-content\/uploads\/2024\/03\/3392DCDE-5416-42BE-9B54-1D77FB6F5C48_1_102_o-1024x768.jpeg 1024w, https:\/\/lindhesidan.se\/wp-content\/uploads\/2024\/03\/3392DCDE-5416-42BE-9B54-1D77FB6F5C48_1_102_o-300x225.jpeg 300w, https:\/\/lindhesidan.se\/wp-content\/uploads\/2024\/03\/3392DCDE-5416-42BE-9B54-1D77FB6F5C48_1_102_o-768x576.jpeg 768w, https:\/\/lindhesidan.se\/wp-content\/uploads\/2024\/03\/3392DCDE-5416-42BE-9B54-1D77FB6F5C48_1_102_o-1536x1152.jpeg 1536w, https:\/\/lindhesidan.se\/wp-content\/uploads\/2024\/03\/3392DCDE-5416-42BE-9B54-1D77FB6F5C48_1_102_o.jpeg 2048w\" sizes=\"auto, (max-width: 1024px) 100vw, 1024px\" \/><figcaption class=\"wp-element-caption\">Loft med dubbelsang<\/figcaption><\/figure>\n\n\n\n<figure class=\"wp-block-image size-large\"><img loading=\"lazy\" decoding=\"async\" width=\"768\" height=\"1024\" data-id=\"787\" src=\"http:\/\/lindhesidan.se\/wp-content\/uploads\/2024\/03\/IMG_8378-768x1024.jpeg\" alt=\"\" class=\"wp-image-787\" srcset=\"https:\/\/lindhesidan.se\/wp-content\/uploads\/2024\/03\/IMG_8378-768x1024.jpeg 768w, https:\/\/lindhesidan.se\/wp-content\/uploads\/2024\/03\/IMG_8378-225x300.jpeg 225w, https:\/\/lindhesidan.se\/wp-content\/uploads\/2024\/03\/IMG_8378-1152x1536.jpeg 1152w, https:\/\/lindhesidan.se\/wp-content\/uploads\/2024\/03\/IMG_8378-1536x2048.jpeg 1536w, https:\/\/lindhesidan.se\/wp-content\/uploads\/2024\/03\/IMG_8378-scaled.jpeg 1920w\" sizes=\"auto, (max-width: 768px) 100vw, 768px\" \/><figcaption class=\"wp-element-caption\">k\u00f6ksavdelning<\/figcaption><\/figure>\n\n\n\n<figure class=\"wp-block-image size-large\"><img loading=\"lazy\" decoding=\"async\" width=\"768\" height=\"1024\" data-id=\"792\" src=\"http:\/\/lindhesidan.se\/wp-content\/uploads\/2024\/03\/9627DD3E-4A50-4B1D-8CE1-B36D44CC0A75_1_102_o-768x1024.jpeg\" alt=\"\" class=\"wp-image-792\" srcset=\"https:\/\/lindhesidan.se\/wp-content\/uploads\/2024\/03\/9627DD3E-4A50-4B1D-8CE1-B36D44CC0A75_1_102_o-768x1024.jpeg 768w, https:\/\/lindhesidan.se\/wp-content\/uploads\/2024\/03\/9627DD3E-4A50-4B1D-8CE1-B36D44CC0A75_1_102_o-225x300.jpeg 225w, https:\/\/lindhesidan.se\/wp-content\/uploads\/2024\/03\/9627DD3E-4A50-4B1D-8CE1-B36D44CC0A75_1_102_o-1152x1536.jpeg 1152w, https:\/\/lindhesidan.se\/wp-content\/uploads\/2024\/03\/9627DD3E-4A50-4B1D-8CE1-B36D44CC0A75_1_102_o.jpeg 1536w\" sizes=\"auto, (max-width: 768px) 100vw, 768px\" \/><figcaption class=\"wp-element-caption\">sovrum<\/figcaption><\/figure>\n<\/figure>\n\n\n\n<p>Det finns \u00e4ven en Lillstuga om man beh\u00f6ver mer s\u00e4ngplatser till merkostnad. D\u00e4r finns 3 s\u00e4ngplatser och toa. Man kommer in i en liten gillestuga och innanf\u00f6r denna ligger sovrum och toa. En b\u00e4ddsoffa finns i g\u00e4strummet och kyl och frys, matbord och stolar.<\/p>\n\n\n\n<figure class=\"wp-block-gallery has-nested-images columns-default is-cropped wp-block-gallery-2 is-layout-flex wp-block-gallery-is-layout-flex\">\n<figure class=\"wp-block-image size-large\"><img loading=\"lazy\" decoding=\"async\" width=\"1024\" height=\"768\" data-id=\"1184\" src=\"https:\/\/lindhesidan.se\/wp-content\/uploads\/2026\/01\/IMG_2160-1024x768.jpg\" alt=\"\" class=\"wp-image-1184\" srcset=\"https:\/\/lindhesidan.se\/wp-content\/uploads\/2026\/01\/IMG_2160-1024x768.jpg 1024w, https:\/\/lindhesidan.se\/wp-content\/uploads\/2026\/01\/IMG_2160-300x225.jpg 300w, https:\/\/lindhesidan.se\/wp-content\/uploads\/2026\/01\/IMG_2160-768x576.jpg 768w, https:\/\/lindhesidan.se\/wp-content\/uploads\/2026\/01\/IMG_2160-1536x1152.jpg 1536w, https:\/\/lindhesidan.se\/wp-content\/uploads\/2026\/01\/IMG_2160-2048x1536.jpg 2048w\" sizes=\"auto, (max-width: 1024px) 100vw, 1024px\" \/><figcaption class=\"wp-element-caption\">Lillstugan med egen tralldel, toa och utedusch. <\/figcaption><\/figure>\n<\/figure>\n\n\n\n<figure class=\"wp-block-gallery has-nested-images columns-default is-cropped wp-block-gallery-3 is-layout-flex wp-block-gallery-is-layout-flex\">\n<figure class=\"wp-block-image size-large\"><img loading=\"lazy\" decoding=\"async\" width=\"768\" height=\"1024\" data-id=\"959\" src=\"http:\/\/lindhesidan.se\/wp-content\/uploads\/2024\/10\/IMG_1466-768x1024.jpeg\" alt=\"\" class=\"wp-image-959\" srcset=\"https:\/\/lindhesidan.se\/wp-content\/uploads\/2024\/10\/IMG_1466-768x1024.jpeg 768w, https:\/\/lindhesidan.se\/wp-content\/uploads\/2024\/10\/IMG_1466-225x300.jpeg 225w, https:\/\/lindhesidan.se\/wp-content\/uploads\/2024\/10\/IMG_1466-1152x1536.jpeg 1152w, https:\/\/lindhesidan.se\/wp-content\/uploads\/2024\/10\/IMG_1466-1536x2048.jpeg 1536w, https:\/\/lindhesidan.se\/wp-content\/uploads\/2024\/10\/IMG_1466-scaled.jpeg 1920w\" sizes=\"auto, (max-width: 768px) 100vw, 768px\" \/><\/figure>\n\n\n\n<figure class=\"wp-block-image size-large\"><img loading=\"lazy\" decoding=\"async\" width=\"768\" height=\"1024\" data-id=\"956\" src=\"http:\/\/lindhesidan.se\/wp-content\/uploads\/2024\/10\/IMG_1467-768x1024.jpeg\" alt=\"\" class=\"wp-image-956\" srcset=\"https:\/\/lindhesidan.se\/wp-content\/uploads\/2024\/10\/IMG_1467-768x1024.jpeg 768w, https:\/\/lindhesidan.se\/wp-content\/uploads\/2024\/10\/IMG_1467-225x300.jpeg 225w, https:\/\/lindhesidan.se\/wp-content\/uploads\/2024\/10\/IMG_1467-1152x1536.jpeg 1152w, https:\/\/lindhesidan.se\/wp-content\/uploads\/2024\/10\/IMG_1467-1536x2048.jpeg 1536w, https:\/\/lindhesidan.se\/wp-content\/uploads\/2024\/10\/IMG_1467-scaled.jpeg 1920w\" sizes=\"auto, (max-width: 768px) 100vw, 768px\" \/><\/figure>\n\n\n\n<figure class=\"wp-block-image size-large\"><img loading=\"lazy\" decoding=\"async\" width=\"1024\" height=\"576\" data-id=\"1162\" src=\"https:\/\/lindhesidan.se\/wp-content\/uploads\/2025\/08\/06F874E9-21D2-4465-8EB1-0ED27F778DB5-1024x576.jpeg\" alt=\"\" class=\"wp-image-1162\" srcset=\"https:\/\/lindhesidan.se\/wp-content\/uploads\/2025\/08\/06F874E9-21D2-4465-8EB1-0ED27F778DB5-1024x576.jpeg 1024w, https:\/\/lindhesidan.se\/wp-content\/uploads\/2025\/08\/06F874E9-21D2-4465-8EB1-0ED27F778DB5-300x169.jpeg 300w, https:\/\/lindhesidan.se\/wp-content\/uploads\/2025\/08\/06F874E9-21D2-4465-8EB1-0ED27F778DB5-768x432.jpeg 768w, https:\/\/lindhesidan.se\/wp-content\/uploads\/2025\/08\/06F874E9-21D2-4465-8EB1-0ED27F778DB5-1536x864.jpeg 1536w, https:\/\/lindhesidan.se\/wp-content\/uploads\/2025\/08\/06F874E9-21D2-4465-8EB1-0ED27F778DB5-2048x1152.jpeg 2048w\" sizes=\"auto, (max-width: 1024px) 100vw, 1024px\" \/><\/figure>\n\n\n\n<figure class=\"wp-block-image size-large\"><img loading=\"lazy\" decoding=\"async\" width=\"768\" height=\"1024\" data-id=\"958\" src=\"http:\/\/lindhesidan.se\/wp-content\/uploads\/2024\/10\/IMG_1468-768x1024.jpeg\" alt=\"\" class=\"wp-image-958\" srcset=\"https:\/\/lindhesidan.se\/wp-content\/uploads\/2024\/10\/IMG_1468-768x1024.jpeg 768w, https:\/\/lindhesidan.se\/wp-content\/uploads\/2024\/10\/IMG_1468-225x300.jpeg 225w, https:\/\/lindhesidan.se\/wp-content\/uploads\/2024\/10\/IMG_1468-1152x1536.jpeg 1152w, https:\/\/lindhesidan.se\/wp-content\/uploads\/2024\/10\/IMG_1468-1536x2048.jpeg 1536w, https:\/\/lindhesidan.se\/wp-content\/uploads\/2024\/10\/IMG_1468-scaled.jpeg 1920w\" sizes=\"auto, (max-width: 768px) 100vw, 768px\" \/><figcaption class=\"wp-element-caption\">Gillesstugan har uppdaterats och ny bild kommer till v\u00e5ren<\/figcaption><\/figure>\n<\/figure>\n","protected":false},"excerpt":{"rendered":"<p>Vi t\u00e4nker oss kunna hyra ut de olika stugorna delar av \u00e5ret. Det finns m\u00f6jlighet att hyra ut \u00e4ven n\u00e4r vi \u00e4r d\u00e4r. D\u00e5 hyr man mellanstugan. Vi kan \u00e4ven t\u00e4nka oss hyra ut flera stugor samtidigt efter \u00f6verenskommelse. Fr\u00e4mst t\u00e4nker vi uthyrning av den mysiga Mellanstugan som har 4 st b\u00e4ddar, k\u00f6k-gillestuga och ett [&hellip;]<\/p>\n","protected":false},"author":1,"featured_media":0,"parent":0,"menu_order":0,"comment_status":"open","ping_status":"closed","template":"","meta":{"footnotes":""},"class_list":["post-873","page","type-page","status-publish","hentry"],"_links":{"self":[{"href":"https:\/\/lindhesidan.se\/index.php?rest_route=\/wp\/v2\/pages\/873","targetHints":{"allow":["GET"]}}],"collection":[{"href":"https:\/\/lindhesidan.se\/index.php?rest_route=\/wp\/v2\/pages"}],"about":[{"href":"https:\/\/lindhesidan.se\/index.php?rest_route=\/wp\/v2\/types\/page"}],"author":[{"embeddable":true,"href":"https:\/\/lindhesidan.se\/index.php?rest_route=\/wp\/v2\/users\/1"}],"replies":[{"embeddable":true,"href":"https:\/\/lindhesidan.se\/index.php?rest_route=%2Fwp%2Fv2%2Fcomments&post=873"}],"version-history":[{"count":21,"href":"https:\/\/lindhesidan.se\/index.php?rest_route=\/wp\/v2\/pages\/873\/revisions"}],"predecessor-version":[{"id":1418,"href":"https:\/\/lindhesidan.se\/index.php?rest_route=\/wp\/v2\/pages\/873\/revisions\/1418"}],"wp:attachment":[{"href":"https:\/\/lindhesidan.se\/index.php?rest_route=%2Fwp%2Fv2%2Fmedia&parent=873"}],"curies":[{"name":"wp","href":"https:\/\/api.w.org\/{rel}","templated":true}]}}