{"id":847,"date":"2025-08-01T07:23:45","date_gmt":"2025-08-01T05:23:45","guid":{"rendered":"http:\/\/lindhesidan.se\/?page_id=847"},"modified":"2026-02-04T21:34:11","modified_gmt":"2026-02-04T20:34:11","slug":"uterummet","status":"publish","type":"page","link":"https:\/\/lindhesidan.se\/?page_id=847","title":{"rendered":"Uterummet"},"content":{"rendered":"\n<p>Vi startade av i b\u00f6rjan av 2024. Tanken var att bygga en mysig samlingsplats f\u00f6r alla v\u00e4dertyper. Efter m\u00e5nga timmars byggande s\u00e5 b\u00f6rjar nu uterummet bli som vi t\u00e4nkt oss. Nedan kommer lite bilder p\u00e5 bygget hur det tog form och hur det s\u00e5g ut n\u00e4r vi fick id\u00e9er att utveckla sommarst\u00e4llet och bygga en gemensam samlingsplats f\u00f6r alla stugorna. Det blev  b\u00e4ttre \u00e4n vad vi t\u00e4nkt oss. Stort med b\u00e5de lounch och matplats. Perfekt f\u00f6r ex.vis midsommar och kr\u00e4ftskivor.<\/p>\n\n\n\n<figure class=\"wp-block-gallery has-nested-images columns-default is-cropped wp-block-gallery-1 is-layout-flex wp-block-gallery-is-layout-flex\">\n<figure class=\"wp-block-image size-large\"><img loading=\"lazy\" decoding=\"async\" width=\"768\" height=\"1024\" data-id=\"1093\" src=\"https:\/\/lindhesidan.se\/wp-content\/uploads\/2025\/08\/IMG_1677-768x1024.jpeg\" alt=\"\" class=\"wp-image-1093\" srcset=\"https:\/\/lindhesidan.se\/wp-content\/uploads\/2025\/08\/IMG_1677-768x1024.jpeg 768w, https:\/\/lindhesidan.se\/wp-content\/uploads\/2025\/08\/IMG_1677-225x300.jpeg 225w, https:\/\/lindhesidan.se\/wp-content\/uploads\/2025\/08\/IMG_1677-1152x1536.jpeg 1152w, https:\/\/lindhesidan.se\/wp-content\/uploads\/2025\/08\/IMG_1677-1536x2048.jpeg 1536w, https:\/\/lindhesidan.se\/wp-content\/uploads\/2025\/08\/IMG_1677-scaled.jpeg 1920w\" sizes=\"auto, (max-width: 768px) 100vw, 768px\" \/><\/figure>\n<\/figure>\n\n\n\n<figure class=\"wp-block-gallery has-nested-images columns-default is-cropped wp-block-gallery-2 is-layout-flex wp-block-gallery-is-layout-flex\">\n<figure class=\"wp-block-image size-large\"><img loading=\"lazy\" decoding=\"async\" width=\"1024\" height=\"768\" data-id=\"1094\" src=\"https:\/\/lindhesidan.se\/wp-content\/uploads\/2025\/08\/IMG_1664-1024x768.jpeg\" alt=\"\" class=\"wp-image-1094\" srcset=\"https:\/\/lindhesidan.se\/wp-content\/uploads\/2025\/08\/IMG_1664-1024x768.jpeg 1024w, https:\/\/lindhesidan.se\/wp-content\/uploads\/2025\/08\/IMG_1664-300x225.jpeg 300w, https:\/\/lindhesidan.se\/wp-content\/uploads\/2025\/08\/IMG_1664-768x576.jpeg 768w, https:\/\/lindhesidan.se\/wp-content\/uploads\/2025\/08\/IMG_1664-1536x1152.jpeg 1536w, https:\/\/lindhesidan.se\/wp-content\/uploads\/2025\/08\/IMG_1664-2048x1536.jpeg 2048w\" sizes=\"auto, (max-width: 1024px) 100vw, 1024px\" \/><figcaption class=\"wp-element-caption\">Frukostbild<\/figcaption><\/figure>\n\n\n\n<figure class=\"wp-block-image size-large\"><img loading=\"lazy\" decoding=\"async\" width=\"1024\" height=\"768\" data-id=\"1096\" src=\"https:\/\/lindhesidan.se\/wp-content\/uploads\/2025\/08\/IMG_1647-1024x768.jpeg\" alt=\"\" class=\"wp-image-1096\" srcset=\"https:\/\/lindhesidan.se\/wp-content\/uploads\/2025\/08\/IMG_1647-1024x768.jpeg 1024w, https:\/\/lindhesidan.se\/wp-content\/uploads\/2025\/08\/IMG_1647-300x225.jpeg 300w, https:\/\/lindhesidan.se\/wp-content\/uploads\/2025\/08\/IMG_1647-768x576.jpeg 768w, https:\/\/lindhesidan.se\/wp-content\/uploads\/2025\/08\/IMG_1647-1536x1152.jpeg 1536w, https:\/\/lindhesidan.se\/wp-content\/uploads\/2025\/08\/IMG_1647-2048x1536.jpeg 2048w\" sizes=\"auto, (max-width: 1024px) 100vw, 1024px\" \/><figcaption class=\"wp-element-caption\">Solnedg\u00e5ng<\/figcaption><\/figure>\n\n\n\n<figure class=\"wp-block-image size-large\"><img loading=\"lazy\" decoding=\"async\" width=\"768\" height=\"1024\" data-id=\"1095\" src=\"https:\/\/lindhesidan.se\/wp-content\/uploads\/2025\/08\/IMG_1666-768x1024.jpeg\" alt=\"\" class=\"wp-image-1095\" srcset=\"https:\/\/lindhesidan.se\/wp-content\/uploads\/2025\/08\/IMG_1666-768x1024.jpeg 768w, https:\/\/lindhesidan.se\/wp-content\/uploads\/2025\/08\/IMG_1666-225x300.jpeg 225w, https:\/\/lindhesidan.se\/wp-content\/uploads\/2025\/08\/IMG_1666-1152x1536.jpeg 1152w, https:\/\/lindhesidan.se\/wp-content\/uploads\/2025\/08\/IMG_1666-1536x2048.jpeg 1536w, https:\/\/lindhesidan.se\/wp-content\/uploads\/2025\/08\/IMG_1666-scaled.jpeg 1920w\" sizes=\"auto, (max-width: 768px) 100vw, 768px\" \/><figcaption class=\"wp-element-caption\">Lounchh\u00f6rnan<\/figcaption><\/figure>\n<\/figure>\n\n\n\n<figure class=\"wp-block-gallery has-nested-images columns-default is-cropped wp-block-gallery-3 is-layout-flex wp-block-gallery-is-layout-flex\">\n<figure class=\"wp-block-image size-large\"><img loading=\"lazy\" decoding=\"async\" width=\"768\" height=\"1024\" data-id=\"1112\" src=\"https:\/\/lindhesidan.se\/wp-content\/uploads\/2025\/08\/IMG_1665-768x1024.jpg\" alt=\"\" class=\"wp-image-1112\" srcset=\"https:\/\/lindhesidan.se\/wp-content\/uploads\/2025\/08\/IMG_1665-768x1024.jpg 768w, https:\/\/lindhesidan.se\/wp-content\/uploads\/2025\/08\/IMG_1665-225x300.jpg 225w, https:\/\/lindhesidan.se\/wp-content\/uploads\/2025\/08\/IMG_1665-1152x1536.jpg 1152w, https:\/\/lindhesidan.se\/wp-content\/uploads\/2025\/08\/IMG_1665-1536x2048.jpg 1536w, https:\/\/lindhesidan.se\/wp-content\/uploads\/2025\/08\/IMG_1665-scaled.jpg 1920w\" sizes=\"auto, (max-width: 768px) 100vw, 768px\" \/><\/figure>\n\n\n\n<figure class=\"wp-block-image size-large\"><img loading=\"lazy\" decoding=\"async\" width=\"480\" height=\"360\" data-id=\"1097\" src=\"https:\/\/lindhesidan.se\/wp-content\/uploads\/2025\/08\/B2B3621F-7B44-466E-9F57-C96D1DEA410F_4_5005_c.jpeg\" alt=\"\" class=\"wp-image-1097\" srcset=\"https:\/\/lindhesidan.se\/wp-content\/uploads\/2025\/08\/B2B3621F-7B44-466E-9F57-C96D1DEA410F_4_5005_c.jpeg 480w, https:\/\/lindhesidan.se\/wp-content\/uploads\/2025\/08\/B2B3621F-7B44-466E-9F57-C96D1DEA410F_4_5005_c-300x225.jpeg 300w\" sizes=\"auto, (max-width: 480px) 100vw, 480px\" \/><\/figure>\n\n\n\n<figure class=\"wp-block-image size-large\"><img loading=\"lazy\" decoding=\"async\" width=\"1024\" height=\"768\" data-id=\"1113\" src=\"https:\/\/lindhesidan.se\/wp-content\/uploads\/2025\/08\/IMG_0894-1024x768.jpg\" alt=\"\" class=\"wp-image-1113\" srcset=\"https:\/\/lindhesidan.se\/wp-content\/uploads\/2025\/08\/IMG_0894-1024x768.jpg 1024w, https:\/\/lindhesidan.se\/wp-content\/uploads\/2025\/08\/IMG_0894-300x225.jpg 300w, https:\/\/lindhesidan.se\/wp-content\/uploads\/2025\/08\/IMG_0894-768x576.jpg 768w, https:\/\/lindhesidan.se\/wp-content\/uploads\/2025\/08\/IMG_0894-1536x1152.jpg 1536w, https:\/\/lindhesidan.se\/wp-content\/uploads\/2025\/08\/IMG_0894-2048x1536.jpg 2048w\" sizes=\"auto, (max-width: 1024px) 100vw, 1024px\" \/><\/figure>\n\n\n\n<figure class=\"wp-block-image size-large\"><img loading=\"lazy\" decoding=\"async\" width=\"576\" height=\"1024\" data-id=\"1104\" src=\"https:\/\/lindhesidan.se\/wp-content\/uploads\/2025\/08\/5577446D-EAD8-48E0-A7FB-72ABF6535CEF_1_105_c-576x1024.jpeg\" alt=\"\" class=\"wp-image-1104\" srcset=\"https:\/\/lindhesidan.se\/wp-content\/uploads\/2025\/08\/5577446D-EAD8-48E0-A7FB-72ABF6535CEF_1_105_c-576x1024.jpeg 576w, https:\/\/lindhesidan.se\/wp-content\/uploads\/2025\/08\/5577446D-EAD8-48E0-A7FB-72ABF6535CEF_1_105_c-169x300.jpeg 169w, https:\/\/lindhesidan.se\/wp-content\/uploads\/2025\/08\/5577446D-EAD8-48E0-A7FB-72ABF6535CEF_1_105_c.jpeg 665w\" sizes=\"auto, (max-width: 576px) 100vw, 576px\" \/><\/figure>\n\n\n\n<figure class=\"wp-block-image size-large\"><img loading=\"lazy\" decoding=\"async\" width=\"576\" height=\"1024\" data-id=\"1106\" src=\"https:\/\/lindhesidan.se\/wp-content\/uploads\/2025\/08\/6B431E3F-DC90-4540-B266-C678466A7A48_1_105_c-576x1024.jpeg\" alt=\"\" class=\"wp-image-1106\" srcset=\"https:\/\/lindhesidan.se\/wp-content\/uploads\/2025\/08\/6B431E3F-DC90-4540-B266-C678466A7A48_1_105_c-576x1024.jpeg 576w, https:\/\/lindhesidan.se\/wp-content\/uploads\/2025\/08\/6B431E3F-DC90-4540-B266-C678466A7A48_1_105_c-169x300.jpeg 169w, https:\/\/lindhesidan.se\/wp-content\/uploads\/2025\/08\/6B431E3F-DC90-4540-B266-C678466A7A48_1_105_c.jpeg 665w\" sizes=\"auto, (max-width: 576px) 100vw, 576px\" \/><\/figure>\n\n\n\n<figure class=\"wp-block-image size-large\"><img loading=\"lazy\" decoding=\"async\" width=\"768\" height=\"1024\" data-id=\"1103\" src=\"https:\/\/lindhesidan.se\/wp-content\/uploads\/2025\/08\/2D9ADA09-3DD6-4D76-AA33-01344D5FCE12_1_105_c-1.jpeg\" alt=\"\" class=\"wp-image-1103\" srcset=\"https:\/\/lindhesidan.se\/wp-content\/uploads\/2025\/08\/2D9ADA09-3DD6-4D76-AA33-01344D5FCE12_1_105_c-1.jpeg 768w, https:\/\/lindhesidan.se\/wp-content\/uploads\/2025\/08\/2D9ADA09-3DD6-4D76-AA33-01344D5FCE12_1_105_c-1-225x300.jpeg 225w\" sizes=\"auto, (max-width: 768px) 100vw, 768px\" \/><\/figure>\n\n\n\n<figure class=\"wp-block-image size-large\"><img loading=\"lazy\" decoding=\"async\" width=\"1024\" height=\"768\" data-id=\"1101\" src=\"https:\/\/lindhesidan.se\/wp-content\/uploads\/2025\/08\/7F11E4C9-FAE9-4F44-9FE3-96C51CF26ACC_1_105_c.jpeg\" alt=\"\" class=\"wp-image-1101\" srcset=\"https:\/\/lindhesidan.se\/wp-content\/uploads\/2025\/08\/7F11E4C9-FAE9-4F44-9FE3-96C51CF26ACC_1_105_c.jpeg 1024w, https:\/\/lindhesidan.se\/wp-content\/uploads\/2025\/08\/7F11E4C9-FAE9-4F44-9FE3-96C51CF26ACC_1_105_c-300x225.jpeg 300w, https:\/\/lindhesidan.se\/wp-content\/uploads\/2025\/08\/7F11E4C9-FAE9-4F44-9FE3-96C51CF26ACC_1_105_c-768x576.jpeg 768w\" sizes=\"auto, (max-width: 1024px) 100vw, 1024px\" \/><\/figure>\n\n\n\n<figure class=\"wp-block-image size-large\"><img loading=\"lazy\" decoding=\"async\" width=\"1024\" height=\"768\" data-id=\"1100\" src=\"https:\/\/lindhesidan.se\/wp-content\/uploads\/2025\/08\/0F577824-7F79-4EEB-B2E7-073FE6421FDA_1_105_c.jpeg\" alt=\"\" class=\"wp-image-1100\" srcset=\"https:\/\/lindhesidan.se\/wp-content\/uploads\/2025\/08\/0F577824-7F79-4EEB-B2E7-073FE6421FDA_1_105_c.jpeg 1024w, https:\/\/lindhesidan.se\/wp-content\/uploads\/2025\/08\/0F577824-7F79-4EEB-B2E7-073FE6421FDA_1_105_c-300x225.jpeg 300w, https:\/\/lindhesidan.se\/wp-content\/uploads\/2025\/08\/0F577824-7F79-4EEB-B2E7-073FE6421FDA_1_105_c-768x576.jpeg 768w\" sizes=\"auto, (max-width: 1024px) 100vw, 1024px\" \/><\/figure>\n\n\n\n<figure class=\"wp-block-image size-large\"><img loading=\"lazy\" decoding=\"async\" width=\"768\" height=\"1024\" data-id=\"1099\" src=\"https:\/\/lindhesidan.se\/wp-content\/uploads\/2025\/08\/B274E13C-4AA1-410E-BF13-26EC73515DBA_1_105_c.jpeg\" alt=\"\" class=\"wp-image-1099\" srcset=\"https:\/\/lindhesidan.se\/wp-content\/uploads\/2025\/08\/B274E13C-4AA1-410E-BF13-26EC73515DBA_1_105_c.jpeg 768w, https:\/\/lindhesidan.se\/wp-content\/uploads\/2025\/08\/B274E13C-4AA1-410E-BF13-26EC73515DBA_1_105_c-225x300.jpeg 225w\" sizes=\"auto, (max-width: 768px) 100vw, 768px\" \/><\/figure>\n<\/figure>\n\n\n\n<figure class=\"wp-block-gallery has-nested-images columns-default is-cropped wp-block-gallery-4 is-layout-flex wp-block-gallery-is-layout-flex\">\n<figure class=\"wp-block-image size-full\"><img loading=\"lazy\" decoding=\"async\" width=\"2560\" height=\"1708\" data-id=\"13\" src=\"https:\/\/lindhesidan.se\/wp-content\/uploads\/2024\/02\/S-1-scaled.jpg\" alt=\"\" class=\"wp-image-13\" srcset=\"https:\/\/lindhesidan.se\/wp-content\/uploads\/2024\/02\/S-1-scaled.jpg 2560w, https:\/\/lindhesidan.se\/wp-content\/uploads\/2024\/02\/S-1-300x200.jpg 300w, https:\/\/lindhesidan.se\/wp-content\/uploads\/2024\/02\/S-1-1024x683.jpg 1024w, https:\/\/lindhesidan.se\/wp-content\/uploads\/2024\/02\/S-1-768x512.jpg 768w, https:\/\/lindhesidan.se\/wp-content\/uploads\/2024\/02\/S-1-1536x1025.jpg 1536w, https:\/\/lindhesidan.se\/wp-content\/uploads\/2024\/02\/S-1-2048x1366.jpg 2048w, https:\/\/lindhesidan.se\/wp-content\/uploads\/2024\/02\/S-1-360x240.jpg 360w\" sizes=\"auto, (max-width: 2560px) 100vw, 2560px\" \/><figcaption class=\"wp-element-caption\">S\u00e5 h\u00e4r s\u00e5g sommarst\u00e4llet ut n\u00e4r vi kom hit f\u00f6rsta g\u00e5ngen.<\/figcaption><\/figure>\n<\/figure>\n\n\n\n<figure class=\"wp-block-image size-large is-resized\"><img loading=\"lazy\" decoding=\"async\" width=\"1024\" height=\"576\" src=\"https:\/\/lindhesidan.se\/wp-content\/uploads\/2025\/08\/IMG_1690-1024x576.jpg\" alt=\"\" class=\"wp-image-1111\" style=\"aspect-ratio:1.7796610169491525;width:1200px;height:auto\" srcset=\"https:\/\/lindhesidan.se\/wp-content\/uploads\/2025\/08\/IMG_1690-1024x576.jpg 1024w, https:\/\/lindhesidan.se\/wp-content\/uploads\/2025\/08\/IMG_1690-300x169.jpg 300w, https:\/\/lindhesidan.se\/wp-content\/uploads\/2025\/08\/IMG_1690-768x432.jpg 768w, https:\/\/lindhesidan.se\/wp-content\/uploads\/2025\/08\/IMG_1690-1536x864.jpg 1536w, https:\/\/lindhesidan.se\/wp-content\/uploads\/2025\/08\/IMG_1690.jpg 1920w\" sizes=\"auto, (max-width: 1024px) 100vw, 1024px\" \/><figcaption class=\"wp-element-caption\">Det har h\u00e4nt lite sen dess \ud83d\ude09<\/figcaption><\/figure>\n\n\n\n<p><\/p>\n","protected":false},"excerpt":{"rendered":"<p>Vi startade av i b\u00f6rjan av 2024. Tanken var att bygga en mysig samlingsplats f\u00f6r alla v\u00e4dertyper. Efter m\u00e5nga timmars byggande s\u00e5 b\u00f6rjar nu uterummet bli som vi t\u00e4nkt oss. Nedan kommer lite bilder p\u00e5 bygget hur det tog form och hur det s\u00e5g ut n\u00e4r vi fick id\u00e9er att utveckla sommarst\u00e4llet och bygga en [&hellip;]<\/p>\n","protected":false},"author":1,"featured_media":0,"parent":0,"menu_order":0,"comment_status":"closed","ping_status":"closed","template":"","meta":{"footnotes":""},"class_list":["post-847","page","type-page","status-publish","hentry"],"_links":{"self":[{"href":"https:\/\/lindhesidan.se\/index.php?rest_route=\/wp\/v2\/pages\/847","targetHints":{"allow":["GET"]}}],"collection":[{"href":"https:\/\/lindhesidan.se\/index.php?rest_route=\/wp\/v2\/pages"}],"about":[{"href":"https:\/\/lindhesidan.se\/index.php?rest_route=\/wp\/v2\/types\/page"}],"author":[{"embeddable":true,"href":"https:\/\/lindhesidan.se\/index.php?rest_route=\/wp\/v2\/users\/1"}],"replies":[{"embeddable":true,"href":"https:\/\/lindhesidan.se\/index.php?rest_route=%2Fwp%2Fv2%2Fcomments&post=847"}],"version-history":[{"count":6,"href":"https:\/\/lindhesidan.se\/index.php?rest_route=\/wp\/v2\/pages\/847\/revisions"}],"predecessor-version":[{"id":1287,"href":"https:\/\/lindhesidan.se\/index.php?rest_route=\/wp\/v2\/pages\/847\/revisions\/1287"}],"wp:attachment":[{"href":"https:\/\/lindhesidan.se\/index.php?rest_route=%2Fwp%2Fv2%2Fmedia&parent=847"}],"curies":[{"name":"wp","href":"https:\/\/api.w.org\/{rel}","templated":true}]}}