{"id":400,"date":"2024-02-24T05:53:26","date_gmt":"2024-02-24T04:53:26","guid":{"rendered":"http:\/\/lindhesidan.se\/?page_id=400"},"modified":"2026-01-04T21:00:02","modified_gmt":"2026-01-04T20:00:02","slug":"music-forever","status":"publish","type":"page","link":"https:\/\/lindhesidan.se\/?page_id=400","title":{"rendered":"Music Forever"},"content":{"rendered":"\n<figure class=\"wp-block-image aligncenter size-full is-resized\"><img loading=\"lazy\" decoding=\"async\" width=\"500\" height=\"447\" src=\"http:\/\/lindhesidan.se\/wp-content\/uploads\/2024\/02\/nedladdning.jpeg\" alt=\"\" class=\"wp-image-572\" style=\"width:500px;height:447px\" srcset=\"https:\/\/lindhesidan.se\/wp-content\/uploads\/2024\/02\/nedladdning.jpeg 500w, https:\/\/lindhesidan.se\/wp-content\/uploads\/2024\/02\/nedladdning-300x268.jpeg 300w\" sizes=\"auto, (max-width: 500px) 100vw, 500px\" \/><\/figure>\n\n\n\n<figure class=\"wp-block-image size-large\"><img loading=\"lazy\" decoding=\"async\" width=\"1024\" height=\"768\" src=\"http:\/\/lindhesidan.se\/wp-content\/uploads\/2024\/02\/IMG_8998-1024x768.jpg\" alt=\"\" class=\"wp-image-571\" srcset=\"https:\/\/lindhesidan.se\/wp-content\/uploads\/2024\/02\/IMG_8998-1024x768.jpg 1024w, https:\/\/lindhesidan.se\/wp-content\/uploads\/2024\/02\/IMG_8998-300x225.jpg 300w, https:\/\/lindhesidan.se\/wp-content\/uploads\/2024\/02\/IMG_8998-768x576.jpg 768w, https:\/\/lindhesidan.se\/wp-content\/uploads\/2024\/02\/IMG_8998-1536x1152.jpg 1536w, https:\/\/lindhesidan.se\/wp-content\/uploads\/2024\/02\/IMG_8998-2048x1536.jpg 2048w\" sizes=\"auto, (max-width: 1024px) 100vw, 1024px\" \/><figcaption class=\"wp-element-caption\">H\u00e4r \u00e4r min Favoritplats i hemmet. Lite ljudn\u00f6rdande senare fick jag efter mycket testande till en grym anl\u00e4ggning som l\u00e5ter \u00f6ver f\u00f6rv\u00e4ntan. H\u00f6gtalarna \u00e4r egenbyggda och ink\u00f6pta i delar som l\u00e5ter precis som jag vill att musiken skall \u00e5terges. F\u00f6rst\u00e4rkaren \u00e4r en muskelmaskin som kommer fr\u00e5n Peachtree Audio och modellen \u00e4r nova 500. Den kan det mesta fr\u00e5n att spela mjukt till att utan distorsion \u00e5terge med grym kraft i musiken. Streamern \u00e4r en Bluesound node icon som \u00e4r kopplad till en NAS d\u00e4r all min musik finns. Musiken spelas upp av Roon som via tv:n ger en dimension till av upplevelsen. En konsert via youtube music med en favoritartist \u00e4r ocks\u00e5 en h\u00e4rlig upplevelse. Motvikten \u00e4r ju Vinylspelaren med den d\u00e4r analoga ljudupplevelsen.<\/figcaption><\/figure>\n\n\n\n<p class=\"has-text-align-center has-small-font-size\" style=\"line-height:1.6\">Peachtree Nova 500<br>Jag har inf\u00f6rskaffat denna eminenta f\u00f6rst\u00e4rkare p\u00e5 500 w med m\u00e5nga funktioner. En f\u00f6rf\u00f6rst\u00e4rkardel med DAC som l\u00e5ter Fantastiskt<\/p>\n\n\n\n<figure class=\"wp-block-embed is-type-video is-provider-youtube wp-block-embed-youtube wp-embed-aspect-16-9 wp-has-aspect-ratio\"><div class=\"wp-block-embed__wrapper\">\n<iframe loading=\"lazy\" title=\"Review: Peachtree nova300 (UPDATED)\" width=\"500\" height=\"281\" src=\"https:\/\/www.youtube.com\/embed\/tWTePoxKHbQ?feature=oembed\" frameborder=\"0\" allow=\"accelerometer; autoplay; clipboard-write; encrypted-media; gyroscope; picture-in-picture; web-share\" referrerpolicy=\"strict-origin-when-cross-origin\" allowfullscreen><\/iframe>\n<\/div><\/figure>\n\n\n\n<p class=\"has-text-align-center has-small-font-size\">Jag har en streamer med roon inkopplat. En Lehmann Black box SE II riaaf\u00f6rst\u00e4rkare. en h\u00f6rlurs och DAC f\u00f6rst\u00e4rkare inkopplat. LG-TVn skickar in TIDAL,Spotify Youtube music direkt in i Systemet utan  kvalitetsf\u00f6rlust. Allt kan speglas Direkt i TV:n vilket ger kanon ljud och bild vid b\u00e5de filmer konserter och musikvideos. <\/p>\n\n\n\n<figure class=\"wp-block-embed is-type-video is-provider-youtube wp-block-embed-youtube wp-embed-aspect-16-9 wp-has-aspect-ratio\"><div class=\"wp-block-embed__wrapper\">\n<iframe loading=\"lazy\" title=\"Meet the ICON. High End Streamer and DAC without the High End Price? I was very surprised.\" width=\"500\" height=\"281\" src=\"https:\/\/www.youtube.com\/embed\/nN43Sh6rZM8?feature=oembed\" frameborder=\"0\" allow=\"accelerometer; autoplay; clipboard-write; encrypted-media; gyroscope; picture-in-picture; web-share\" referrerpolicy=\"strict-origin-when-cross-origin\" allowfullscreen><\/iframe>\n<\/div><\/figure>\n\n\n\n<div class=\"wp-block-columns alignfull are-vertically-aligned-center is-layout-flex wp-container-core-columns-is-layout-28f84493 wp-block-columns-is-layout-flex\">\n<div class=\"wp-block-column is-vertically-aligned-center is-layout-flow wp-block-column-is-layout-flow\" style=\"flex-basis:50%\"><\/div>\n\n\n\n<div class=\"wp-block-column is-vertically-aligned-center is-layout-flow wp-block-column-is-layout-flow\" style=\"padding-top:1em;padding-right:1em;padding-bottom:1em;padding-left:1em\">\n<div class=\"wp-block-columns is-layout-flex wp-container-core-columns-is-layout-28f84493 wp-block-columns-is-layout-flex\">\n<div class=\"wp-block-column is-layout-flow wp-block-column-is-layout-flow\" style=\"flex-basis:320px\">\n<figure class=\"wp-block-embed is-type-video is-provider-youtube wp-block-embed-youtube wp-embed-aspect-16-9 wp-has-aspect-ratio\"><div class=\"wp-block-embed__wrapper\">\n<iframe loading=\"lazy\" title=\"Best Turntables Series: Technics SL-1210GR2 Review | TM Reports...\" width=\"500\" height=\"281\" src=\"https:\/\/www.youtube.com\/embed\/nP20PbFjIcc?start=10&#038;feature=oembed\" frameborder=\"0\" allow=\"accelerometer; autoplay; clipboard-write; encrypted-media; gyroscope; picture-in-picture; web-share\" referrerpolicy=\"strict-origin-when-cross-origin\" allowfullscreen><\/iframe>\n<\/div><\/figure>\n\n\n\n<p><\/p>\n\n\n\n<p><\/p>\n\n\n\n<p><\/p>\n\n\n\n<p><\/p>\n\n\n\n<p><\/p>\n\n\n\n<p><\/p>\n\n\n\n<p><\/p>\n\n\n\n<p><\/p>\n\n\n\n<p><\/p>\n\n\n\n<p><\/p>\n\n\n\n<p><\/p>\n\n\n\n<p><\/p>\n\n\n\n<p><\/p>\n\n\n\n<p><\/p>\n\n\n\n<p><\/p>\n\n\n\n<p><\/p>\n\n\n\n<p><\/p>\n\n\n\n<p><\/p>\n\n\n\n<p><\/p>\n\n\n\n<p><\/p>\n\n\n\n<p><\/p>\n\n\n\n<p><\/p>\n\n\n\n<p><\/p>\n\n\n\n<p><\/p>\n<\/div>\n<\/div>\n<\/div>\n<\/div>\n\n\n\n<div class=\"wp-block-columns alignfull is-layout-flex wp-container-core-columns-is-layout-28f84493 wp-block-columns-is-layout-flex\">\n<div class=\"wp-block-column is-layout-flow wp-block-column-is-layout-flow\" style=\"flex-basis:50%\">\n<div class=\"wp-block-cover is-light\" style=\"min-height:600px;aspect-ratio:unset;\"><span aria-hidden=\"true\" class=\"wp-block-cover__background has-background-dim-100 has-background-dim\" style=\"background-color:#f6f6f6\"><\/span><div class=\"wp-block-cover__inner-container is-layout-flow wp-block-cover-is-layout-flow\">\n<figure class=\"wp-block-image aligncenter size-large has-custom-border\"><img loading=\"lazy\" decoding=\"async\" width=\"768\" height=\"1024\" src=\"http:\/\/lindhesidan.se\/wp-content\/uploads\/2024\/02\/IMG_7837-2-768x1024.jpg\" alt=\"\" class=\"wp-image-537\" style=\"border-style:none;border-width:0px;border-radius:0px\" srcset=\"https:\/\/lindhesidan.se\/wp-content\/uploads\/2024\/02\/IMG_7837-2-768x1024.jpg 768w, https:\/\/lindhesidan.se\/wp-content\/uploads\/2024\/02\/IMG_7837-2-225x300.jpg 225w, https:\/\/lindhesidan.se\/wp-content\/uploads\/2024\/02\/IMG_7837-2-1152x1536.jpg 1152w, https:\/\/lindhesidan.se\/wp-content\/uploads\/2024\/02\/IMG_7837-2-1536x2048.jpg 1536w, https:\/\/lindhesidan.se\/wp-content\/uploads\/2024\/02\/IMG_7837-2-scaled.jpg 1920w\" sizes=\"auto, (max-width: 768px) 100vw, 768px\" \/><\/figure>\n<\/div><\/div>\n<\/div>\n\n\n\n<div class=\"wp-block-column is-vertically-aligned-center is-layout-flow wp-block-column-is-layout-flow\" style=\"padding-top:1em;padding-right:1em;padding-bottom:1em;padding-left:1em\">\n<div class=\"wp-block-columns is-layout-flex wp-container-core-columns-is-layout-28f84493 wp-block-columns-is-layout-flex\">\n<div class=\"wp-block-column is-layout-flow wp-block-column-is-layout-flow\" style=\"flex-basis:320px\">\n<p class=\"has-white-color has-text-color has-small-font-size\" style=\"line-height:1.6\">MHV 300 scan-excel-visaton <br>Egenbyggda golvare  i 25mm massiv ask<br>4 kg:s Delningsfilter del med mundorf , Clarity cap i high end serien. <br>TweeterSB aqustic Satori BN-8 mellanregister Excel W18EX001 <br>Woofer Alcone AC10 HE<\/p>\n\n\n\n<p class=\"has-small-font-size\">Hur l\u00e5ter dom d\u00e5? Ja enligt proffsen som s\u00e4ljer g\u00e5r det ju inte bygga som deras. Men s\u00e4g s\u00e5 h\u00e4r: M\u00e5nga hakor har ramlat ner n\u00e4r musiken startar.<\/p>\n<\/div>\n<\/div>\n<\/div>\n<\/div>\n","protected":false},"excerpt":{"rendered":"<p>Peachtree Nova 500Jag har inf\u00f6rskaffat denna eminenta f\u00f6rst\u00e4rkare p\u00e5 500 w med m\u00e5nga funktioner. En f\u00f6rf\u00f6rst\u00e4rkardel med DAC som l\u00e5ter Fantastiskt Jag har en streamer med roon inkopplat. En Lehmann Black box SE II riaaf\u00f6rst\u00e4rkare. en h\u00f6rlurs och DAC f\u00f6rst\u00e4rkare inkopplat. LG-TVn skickar in TIDAL,Spotify Youtube music direkt in i Systemet utan kvalitetsf\u00f6rlust. Allt kan [&hellip;]<\/p>\n","protected":false},"author":1,"featured_media":0,"parent":398,"menu_order":0,"comment_status":"closed","ping_status":"closed","template":"","meta":{"footnotes":""},"class_list":["post-400","page","type-page","status-publish","hentry"],"_links":{"self":[{"href":"https:\/\/lindhesidan.se\/index.php?rest_route=\/wp\/v2\/pages\/400","targetHints":{"allow":["GET"]}}],"collection":[{"href":"https:\/\/lindhesidan.se\/index.php?rest_route=\/wp\/v2\/pages"}],"about":[{"href":"https:\/\/lindhesidan.se\/index.php?rest_route=\/wp\/v2\/types\/page"}],"author":[{"embeddable":true,"href":"https:\/\/lindhesidan.se\/index.php?rest_route=\/wp\/v2\/users\/1"}],"replies":[{"embeddable":true,"href":"https:\/\/lindhesidan.se\/index.php?rest_route=%2Fwp%2Fv2%2Fcomments&post=400"}],"version-history":[{"count":14,"href":"https:\/\/lindhesidan.se\/index.php?rest_route=\/wp\/v2\/pages\/400\/revisions"}],"predecessor-version":[{"id":1226,"href":"https:\/\/lindhesidan.se\/index.php?rest_route=\/wp\/v2\/pages\/400\/revisions\/1226"}],"up":[{"embeddable":true,"href":"https:\/\/lindhesidan.se\/index.php?rest_route=\/wp\/v2\/pages\/398"}],"wp:attachment":[{"href":"https:\/\/lindhesidan.se\/index.php?rest_route=%2Fwp%2Fv2%2Fmedia&parent=400"}],"curies":[{"name":"wp","href":"https:\/\/api.w.org\/{rel}","templated":true}]}}