{"id":398,"date":"2024-02-24T05:53:50","date_gmt":"2024-02-24T04:53:50","guid":{"rendered":"http:\/\/lindhesidan.se\/?page_id=398"},"modified":"2024-03-05T07:47:39","modified_gmt":"2024-03-05T06:47:39","slug":"backalyckan","status":"publish","type":"page","link":"https:\/\/lindhesidan.se\/?page_id=398","title":{"rendered":"B\u00e4ckalyckan"},"content":{"rendered":"\n<p>H\u00e4r bor vi i ett omr\u00e5de som kallas B\u00e4ckalyckan i J\u00f6nk\u00f6ping. L\u00e4genheten ligger p\u00e5 V\u00e4ster och precis nedanf\u00f6r Stadsparken. H\u00e4r \u00e4r det g\u00e5ngavst\u00e5nd till stadsk\u00e4rnan och alla faciliteter man beh\u00f6ver i vardagen. Bostadsytan best\u00e5r av 120 kvm l\u00e4genhet- 25 kvm tv\u00e4ttstuga 100 kvm f\u00f6rr\u00e5d\/vind och garage. S\u00e5 det g\u00e5r ingen n\u00f6d p\u00e5 oss \ud83d\ude09<\/p>\n\n\n\n<figure class=\"wp-block-image size-large\"><img loading=\"lazy\" decoding=\"async\" width=\"1024\" height=\"768\" src=\"http:\/\/lindhesidan.se\/wp-content\/uploads\/2024\/03\/IMG_4973-1024x768.jpg\" alt=\"\" class=\"wp-image-743\" srcset=\"https:\/\/lindhesidan.se\/wp-content\/uploads\/2024\/03\/IMG_4973-1024x768.jpg 1024w, https:\/\/lindhesidan.se\/wp-content\/uploads\/2024\/03\/IMG_4973-300x225.jpg 300w, https:\/\/lindhesidan.se\/wp-content\/uploads\/2024\/03\/IMG_4973-768x576.jpg 768w, https:\/\/lindhesidan.se\/wp-content\/uploads\/2024\/03\/IMG_4973-1536x1152.jpg 1536w, https:\/\/lindhesidan.se\/wp-content\/uploads\/2024\/03\/IMG_4973-2048x1536.jpg 2048w\" sizes=\"auto, (max-width: 1024px) 100vw, 1024px\" \/><\/figure>\n\n\n\n<figure class=\"wp-block-gallery has-nested-images columns-2 is-cropped wp-block-gallery-1 is-layout-flex wp-block-gallery-is-layout-flex\">\n<figure class=\"wp-block-image size-large\"><img loading=\"lazy\" decoding=\"async\" width=\"1024\" height=\"768\" data-id=\"447\" src=\"http:\/\/lindhesidan.se\/wp-content\/uploads\/2024\/02\/IMG_7838-1024x768.jpg\" alt=\"\" class=\"wp-image-447\" srcset=\"https:\/\/lindhesidan.se\/wp-content\/uploads\/2024\/02\/IMG_7838-1024x768.jpg 1024w, https:\/\/lindhesidan.se\/wp-content\/uploads\/2024\/02\/IMG_7838-300x225.jpg 300w, https:\/\/lindhesidan.se\/wp-content\/uploads\/2024\/02\/IMG_7838-768x576.jpg 768w, https:\/\/lindhesidan.se\/wp-content\/uploads\/2024\/02\/IMG_7838-1536x1152.jpg 1536w, https:\/\/lindhesidan.se\/wp-content\/uploads\/2024\/02\/IMG_7838-2048x1536.jpg 2048w\" sizes=\"auto, (max-width: 1024px) 100vw, 1024px\" \/><\/figure>\n\n\n\n<figure class=\"wp-block-image size-large\"><img loading=\"lazy\" decoding=\"async\" width=\"1024\" height=\"576\" data-id=\"747\" src=\"http:\/\/lindhesidan.se\/wp-content\/uploads\/2024\/03\/AE5F94CE-7144-46A0-A630-5E330B514893-1024x576.jpg\" alt=\"\" class=\"wp-image-747\" srcset=\"https:\/\/lindhesidan.se\/wp-content\/uploads\/2024\/03\/AE5F94CE-7144-46A0-A630-5E330B514893-1024x576.jpg 1024w, https:\/\/lindhesidan.se\/wp-content\/uploads\/2024\/03\/AE5F94CE-7144-46A0-A630-5E330B514893-300x169.jpg 300w, https:\/\/lindhesidan.se\/wp-content\/uploads\/2024\/03\/AE5F94CE-7144-46A0-A630-5E330B514893-768x432.jpg 768w, https:\/\/lindhesidan.se\/wp-content\/uploads\/2024\/03\/AE5F94CE-7144-46A0-A630-5E330B514893-1536x864.jpg 1536w, https:\/\/lindhesidan.se\/wp-content\/uploads\/2024\/03\/AE5F94CE-7144-46A0-A630-5E330B514893-2048x1152.jpg 2048w\" sizes=\"auto, (max-width: 1024px) 100vw, 1024px\" \/><\/figure>\n\n\n\n<figure class=\"wp-block-image size-large\"><img loading=\"lazy\" decoding=\"async\" width=\"1024\" height=\"683\" data-id=\"746\" src=\"http:\/\/lindhesidan.se\/wp-content\/uploads\/2024\/03\/RX12374-1024x683.jpg\" alt=\"\" class=\"wp-image-746\" srcset=\"https:\/\/lindhesidan.se\/wp-content\/uploads\/2024\/03\/RX12374-1024x683.jpg 1024w, https:\/\/lindhesidan.se\/wp-content\/uploads\/2024\/03\/RX12374-300x200.jpg 300w, https:\/\/lindhesidan.se\/wp-content\/uploads\/2024\/03\/RX12374-768x512.jpg 768w, https:\/\/lindhesidan.se\/wp-content\/uploads\/2024\/03\/RX12374-1536x1024.jpg 1536w, https:\/\/lindhesidan.se\/wp-content\/uploads\/2024\/03\/RX12374-2048x1365.jpg 2048w\" sizes=\"auto, (max-width: 1024px) 100vw, 1024px\" \/><\/figure>\n\n\n\n<figure class=\"wp-block-image size-large\"><img loading=\"lazy\" decoding=\"async\" width=\"1024\" height=\"768\" data-id=\"750\" src=\"http:\/\/lindhesidan.se\/wp-content\/uploads\/2024\/03\/IMG_5315-1024x768.jpg\" alt=\"\" class=\"wp-image-750\" srcset=\"https:\/\/lindhesidan.se\/wp-content\/uploads\/2024\/03\/IMG_5315-1024x768.jpg 1024w, https:\/\/lindhesidan.se\/wp-content\/uploads\/2024\/03\/IMG_5315-300x225.jpg 300w, https:\/\/lindhesidan.se\/wp-content\/uploads\/2024\/03\/IMG_5315-768x576.jpg 768w, https:\/\/lindhesidan.se\/wp-content\/uploads\/2024\/03\/IMG_5315-1536x1152.jpg 1536w, https:\/\/lindhesidan.se\/wp-content\/uploads\/2024\/03\/IMG_5315-2048x1536.jpg 2048w\" sizes=\"auto, (max-width: 1024px) 100vw, 1024px\" \/><\/figure>\n\n\n\n<figure class=\"wp-block-image size-large has-custom-border\"><img loading=\"lazy\" decoding=\"async\" width=\"768\" height=\"1024\" data-id=\"751\" src=\"http:\/\/lindhesidan.se\/wp-content\/uploads\/2024\/03\/IMG_5337-768x1024.jpg\" alt=\"\" class=\"wp-image-751\" style=\"border-style:none;border-width:0px\" srcset=\"https:\/\/lindhesidan.se\/wp-content\/uploads\/2024\/03\/IMG_5337-768x1024.jpg 768w, https:\/\/lindhesidan.se\/wp-content\/uploads\/2024\/03\/IMG_5337-225x300.jpg 225w, https:\/\/lindhesidan.se\/wp-content\/uploads\/2024\/03\/IMG_5337-1152x1536.jpg 1152w, https:\/\/lindhesidan.se\/wp-content\/uploads\/2024\/03\/IMG_5337-1536x2048.jpg 1536w, https:\/\/lindhesidan.se\/wp-content\/uploads\/2024\/03\/IMG_5337-scaled.jpg 1920w\" sizes=\"auto, (max-width: 768px) 100vw, 768px\" \/><\/figure>\n\n\n\n<figure class=\"wp-block-image size-large\"><img loading=\"lazy\" decoding=\"async\" width=\"1024\" height=\"768\" data-id=\"754\" src=\"http:\/\/lindhesidan.se\/wp-content\/uploads\/2024\/03\/IMG_7838-1024x768.jpg\" alt=\"\" class=\"wp-image-754\" srcset=\"https:\/\/lindhesidan.se\/wp-content\/uploads\/2024\/03\/IMG_7838-1024x768.jpg 1024w, https:\/\/lindhesidan.se\/wp-content\/uploads\/2024\/03\/IMG_7838-300x225.jpg 300w, https:\/\/lindhesidan.se\/wp-content\/uploads\/2024\/03\/IMG_7838-768x576.jpg 768w, https:\/\/lindhesidan.se\/wp-content\/uploads\/2024\/03\/IMG_7838-1536x1152.jpg 1536w, https:\/\/lindhesidan.se\/wp-content\/uploads\/2024\/03\/IMG_7838-2048x1536.jpg 2048w\" sizes=\"auto, (max-width: 1024px) 100vw, 1024px\" \/><\/figure>\n\n\n\n<figure class=\"wp-block-image size-large\"><img loading=\"lazy\" decoding=\"async\" width=\"1024\" height=\"768\" data-id=\"755\" src=\"http:\/\/lindhesidan.se\/wp-content\/uploads\/2024\/03\/IMG_8985-1024x768.jpg\" alt=\"\" class=\"wp-image-755\" srcset=\"https:\/\/lindhesidan.se\/wp-content\/uploads\/2024\/03\/IMG_8985-1024x768.jpg 1024w, https:\/\/lindhesidan.se\/wp-content\/uploads\/2024\/03\/IMG_8985-300x225.jpg 300w, https:\/\/lindhesidan.se\/wp-content\/uploads\/2024\/03\/IMG_8985-768x576.jpg 768w, https:\/\/lindhesidan.se\/wp-content\/uploads\/2024\/03\/IMG_8985-1536x1152.jpg 1536w, https:\/\/lindhesidan.se\/wp-content\/uploads\/2024\/03\/IMG_8985-2048x1536.jpg 2048w\" sizes=\"auto, (max-width: 1024px) 100vw, 1024px\" \/><\/figure>\n\n\n\n<figure class=\"wp-block-image size-large\"><img loading=\"lazy\" decoding=\"async\" width=\"768\" height=\"1024\" data-id=\"757\" src=\"http:\/\/lindhesidan.se\/wp-content\/uploads\/2024\/03\/IMG_20220409_062126-768x1024.jpg\" alt=\"\" class=\"wp-image-757\" srcset=\"https:\/\/lindhesidan.se\/wp-content\/uploads\/2024\/03\/IMG_20220409_062126-768x1024.jpg 768w, https:\/\/lindhesidan.se\/wp-content\/uploads\/2024\/03\/IMG_20220409_062126-225x300.jpg 225w, https:\/\/lindhesidan.se\/wp-content\/uploads\/2024\/03\/IMG_20220409_062126-1152x1536.jpg 1152w, https:\/\/lindhesidan.se\/wp-content\/uploads\/2024\/03\/IMG_20220409_062126-1536x2048.jpg 1536w, https:\/\/lindhesidan.se\/wp-content\/uploads\/2024\/03\/IMG_20220409_062126-scaled.jpg 1920w\" sizes=\"auto, (max-width: 768px) 100vw, 768px\" \/><\/figure>\n\n\n\n<figure class=\"wp-block-image size-large\"><img loading=\"lazy\" decoding=\"async\" width=\"1024\" height=\"768\" data-id=\"756\" src=\"http:\/\/lindhesidan.se\/wp-content\/uploads\/2024\/03\/IMG_20220409_061957-1024x768.jpg\" alt=\"\" class=\"wp-image-756\" srcset=\"https:\/\/lindhesidan.se\/wp-content\/uploads\/2024\/03\/IMG_20220409_061957-1024x768.jpg 1024w, https:\/\/lindhesidan.se\/wp-content\/uploads\/2024\/03\/IMG_20220409_061957-300x225.jpg 300w, https:\/\/lindhesidan.se\/wp-content\/uploads\/2024\/03\/IMG_20220409_061957-768x576.jpg 768w, https:\/\/lindhesidan.se\/wp-content\/uploads\/2024\/03\/IMG_20220409_061957-1536x1152.jpg 1536w, https:\/\/lindhesidan.se\/wp-content\/uploads\/2024\/03\/IMG_20220409_061957-2048x1536.jpg 2048w\" sizes=\"auto, (max-width: 1024px) 100vw, 1024px\" \/><\/figure>\n<\/figure>\n","protected":false},"excerpt":{"rendered":"<p>H\u00e4r bor vi i ett omr\u00e5de som kallas B\u00e4ckalyckan i J\u00f6nk\u00f6ping. L\u00e4genheten ligger p\u00e5 V\u00e4ster och precis nedanf\u00f6r Stadsparken. H\u00e4r \u00e4r det g\u00e5ngavst\u00e5nd till stadsk\u00e4rnan och alla faciliteter man beh\u00f6ver i vardagen. Bostadsytan best\u00e5r av 120 kvm l\u00e4genhet- 25 kvm tv\u00e4ttstuga 100 kvm f\u00f6rr\u00e5d\/vind och garage. S\u00e5 det g\u00e5r ingen n\u00f6d p\u00e5 oss \ud83d\ude09<\/p>\n","protected":false},"author":1,"featured_media":0,"parent":0,"menu_order":0,"comment_status":"closed","ping_status":"closed","template":"","meta":{"footnotes":""},"class_list":["post-398","page","type-page","status-publish","hentry"],"_links":{"self":[{"href":"https:\/\/lindhesidan.se\/index.php?rest_route=\/wp\/v2\/pages\/398","targetHints":{"allow":["GET"]}}],"collection":[{"href":"https:\/\/lindhesidan.se\/index.php?rest_route=\/wp\/v2\/pages"}],"about":[{"href":"https:\/\/lindhesidan.se\/index.php?rest_route=\/wp\/v2\/types\/page"}],"author":[{"embeddable":true,"href":"https:\/\/lindhesidan.se\/index.php?rest_route=\/wp\/v2\/users\/1"}],"replies":[{"embeddable":true,"href":"https:\/\/lindhesidan.se\/index.php?rest_route=%2Fwp%2Fv2%2Fcomments&post=398"}],"version-history":[{"count":6,"href":"https:\/\/lindhesidan.se\/index.php?rest_route=\/wp\/v2\/pages\/398\/revisions"}],"predecessor-version":[{"id":761,"href":"https:\/\/lindhesidan.se\/index.php?rest_route=\/wp\/v2\/pages\/398\/revisions\/761"}],"wp:attachment":[{"href":"https:\/\/lindhesidan.se\/index.php?rest_route=%2Fwp%2Fv2%2Fmedia&parent=398"}],"curies":[{"name":"wp","href":"https:\/\/api.w.org\/{rel}","templated":true}]}}