{"id":363,"date":"2024-02-22T19:42:19","date_gmt":"2024-02-22T18:42:19","guid":{"rendered":"http:\/\/lindhesidan.se\/?page_id=363"},"modified":"2024-03-04T07:05:24","modified_gmt":"2024-03-04T06:05:24","slug":"lindenstugan","status":"publish","type":"page","link":"https:\/\/lindhesidan.se\/?page_id=363","title":{"rendered":"Lindenstugan"},"content":{"rendered":"\n<p>H\u00e4r har vi v\u00e5rt paradis i skogen. Stugan ligger p\u00e5 bergsknallen ut mot vattnet. Den inglasade altanen str\u00e4cker sig sedan ut mot klippan i solnedg\u00e5ngsl\u00e4ge, vilket ger en fantastisk utsikt p\u00e5 kv\u00e4llarna.<\/p>\n\n\n\n<figure class=\"wp-block-image size-large\"><img loading=\"lazy\" decoding=\"async\" width=\"768\" height=\"1024\" src=\"http:\/\/lindhesidan.se\/wp-content\/uploads\/2024\/02\/IMG_20210719_165800-768x1024.jpg\" alt=\"\" class=\"wp-image-624\" srcset=\"https:\/\/lindhesidan.se\/wp-content\/uploads\/2024\/02\/IMG_20210719_165800-768x1024.jpg 768w, https:\/\/lindhesidan.se\/wp-content\/uploads\/2024\/02\/IMG_20210719_165800-225x300.jpg 225w, https:\/\/lindhesidan.se\/wp-content\/uploads\/2024\/02\/IMG_20210719_165800-1152x1536.jpg 1152w, https:\/\/lindhesidan.se\/wp-content\/uploads\/2024\/02\/IMG_20210719_165800-1536x2048.jpg 1536w, https:\/\/lindhesidan.se\/wp-content\/uploads\/2024\/02\/IMG_20210719_165800-scaled.jpg 1920w\" sizes=\"auto, (max-width: 768px) 100vw, 768px\" \/><\/figure>\n\n\n\n<figure class=\"wp-block-image size-large\"><img loading=\"lazy\" decoding=\"async\" width=\"1024\" height=\"768\" src=\"http:\/\/lindhesidan.se\/wp-content\/uploads\/2024\/03\/70768572071__FF5C433E-8D2F-4270-A1A0-727F54DB2326-1024x768.jpg\" alt=\"\" class=\"wp-image-735\" srcset=\"https:\/\/lindhesidan.se\/wp-content\/uploads\/2024\/03\/70768572071__FF5C433E-8D2F-4270-A1A0-727F54DB2326-1024x768.jpg 1024w, https:\/\/lindhesidan.se\/wp-content\/uploads\/2024\/03\/70768572071__FF5C433E-8D2F-4270-A1A0-727F54DB2326-300x225.jpg 300w, https:\/\/lindhesidan.se\/wp-content\/uploads\/2024\/03\/70768572071__FF5C433E-8D2F-4270-A1A0-727F54DB2326-768x576.jpg 768w, https:\/\/lindhesidan.se\/wp-content\/uploads\/2024\/03\/70768572071__FF5C433E-8D2F-4270-A1A0-727F54DB2326-1536x1152.jpg 1536w, https:\/\/lindhesidan.se\/wp-content\/uploads\/2024\/03\/70768572071__FF5C433E-8D2F-4270-A1A0-727F54DB2326-2048x1536.jpg 2048w\" sizes=\"auto, (max-width: 1024px) 100vw, 1024px\" \/><figcaption class=\"wp-element-caption\">Altanutsikt runt midsommar kl. 22.15<\/figcaption><\/figure>\n\n\n\n<figure class=\"wp-block-embed is-type-video is-provider-youtube wp-block-embed-youtube wp-embed-aspect-16-9 wp-has-aspect-ratio\"><div class=\"wp-block-embed__wrapper\">\n<iframe loading=\"lazy\" title=\"Storstugan utsikt\" width=\"500\" height=\"281\" src=\"https:\/\/www.youtube.com\/embed\/gNlYlOulXJg?feature=oembed\" frameborder=\"0\" allow=\"accelerometer; autoplay; clipboard-write; encrypted-media; gyroscope; picture-in-picture; web-share\" referrerpolicy=\"strict-origin-when-cross-origin\" allowfullscreen><\/iframe>\n<\/div><\/figure>\n\n\n\n<figure class=\"wp-block-gallery has-nested-images columns-2 is-cropped wp-block-gallery-1 is-layout-flex wp-block-gallery-is-layout-flex\">\n<figure class=\"wp-block-image size-large\"><img loading=\"lazy\" decoding=\"async\" width=\"1024\" height=\"576\" data-id=\"625\" src=\"http:\/\/lindhesidan.se\/wp-content\/uploads\/2024\/02\/IMG_20190621_102025-1024x576.jpg\" alt=\"\" class=\"wp-image-625\" srcset=\"https:\/\/lindhesidan.se\/wp-content\/uploads\/2024\/02\/IMG_20190621_102025-1024x576.jpg 1024w, https:\/\/lindhesidan.se\/wp-content\/uploads\/2024\/02\/IMG_20190621_102025-300x169.jpg 300w, https:\/\/lindhesidan.se\/wp-content\/uploads\/2024\/02\/IMG_20190621_102025-768x432.jpg 768w, https:\/\/lindhesidan.se\/wp-content\/uploads\/2024\/02\/IMG_20190621_102025-1536x865.jpg 1536w, https:\/\/lindhesidan.se\/wp-content\/uploads\/2024\/02\/IMG_20190621_102025-2048x1153.jpg 2048w\" sizes=\"auto, (max-width: 1024px) 100vw, 1024px\" \/><\/figure>\n\n\n\n<figure class=\"wp-block-image size-large\"><img loading=\"lazy\" decoding=\"async\" width=\"1024\" height=\"576\" data-id=\"626\" src=\"http:\/\/lindhesidan.se\/wp-content\/uploads\/2024\/02\/IMG_20190621_103050-1024x576.jpg\" alt=\"\" class=\"wp-image-626\" srcset=\"https:\/\/lindhesidan.se\/wp-content\/uploads\/2024\/02\/IMG_20190621_103050-1024x576.jpg 1024w, https:\/\/lindhesidan.se\/wp-content\/uploads\/2024\/02\/IMG_20190621_103050-300x169.jpg 300w, https:\/\/lindhesidan.se\/wp-content\/uploads\/2024\/02\/IMG_20190621_103050-768x432.jpg 768w, https:\/\/lindhesidan.se\/wp-content\/uploads\/2024\/02\/IMG_20190621_103050-1536x865.jpg 1536w, https:\/\/lindhesidan.se\/wp-content\/uploads\/2024\/02\/IMG_20190621_103050-2048x1153.jpg 2048w\" sizes=\"auto, (max-width: 1024px) 100vw, 1024px\" \/><\/figure>\n\n\n\n<figure class=\"wp-block-image size-large\"><img loading=\"lazy\" decoding=\"async\" width=\"1024\" height=\"576\" data-id=\"627\" src=\"http:\/\/lindhesidan.se\/wp-content\/uploads\/2024\/02\/IMG_20190621_130752-1024x576.jpg\" alt=\"\" class=\"wp-image-627\" srcset=\"https:\/\/lindhesidan.se\/wp-content\/uploads\/2024\/02\/IMG_20190621_130752-1024x576.jpg 1024w, https:\/\/lindhesidan.se\/wp-content\/uploads\/2024\/02\/IMG_20190621_130752-300x169.jpg 300w, https:\/\/lindhesidan.se\/wp-content\/uploads\/2024\/02\/IMG_20190621_130752-768x432.jpg 768w, https:\/\/lindhesidan.se\/wp-content\/uploads\/2024\/02\/IMG_20190621_130752-1536x865.jpg 1536w, https:\/\/lindhesidan.se\/wp-content\/uploads\/2024\/02\/IMG_20190621_130752-2048x1153.jpg 2048w\" sizes=\"auto, (max-width: 1024px) 100vw, 1024px\" \/><\/figure>\n\n\n\n<figure class=\"wp-block-image size-large\"><img loading=\"lazy\" decoding=\"async\" width=\"1024\" height=\"684\" data-id=\"628\" src=\"http:\/\/lindhesidan.se\/wp-content\/uploads\/2024\/02\/jon-amnda-solnedgang-juli-2021-1024x684.jpg\" alt=\"\" class=\"wp-image-628\" srcset=\"https:\/\/lindhesidan.se\/wp-content\/uploads\/2024\/02\/jon-amnda-solnedgang-juli-2021-1024x684.jpg 1024w, https:\/\/lindhesidan.se\/wp-content\/uploads\/2024\/02\/jon-amnda-solnedgang-juli-2021-300x200.jpg 300w, https:\/\/lindhesidan.se\/wp-content\/uploads\/2024\/02\/jon-amnda-solnedgang-juli-2021-768x513.jpg 768w, https:\/\/lindhesidan.se\/wp-content\/uploads\/2024\/02\/jon-amnda-solnedgang-juli-2021-1536x1026.jpg 1536w, https:\/\/lindhesidan.se\/wp-content\/uploads\/2024\/02\/jon-amnda-solnedgang-juli-2021-2048x1368.jpg 2048w\" sizes=\"auto, (max-width: 1024px) 100vw, 1024px\" \/><\/figure>\n\n\n\n<figure class=\"wp-block-image size-large\"><img loading=\"lazy\" decoding=\"async\" width=\"768\" height=\"1024\" data-id=\"629\" src=\"http:\/\/lindhesidan.se\/wp-content\/uploads\/2024\/02\/IMG_20210715_182057-768x1024.jpg\" alt=\"\" class=\"wp-image-629\" srcset=\"https:\/\/lindhesidan.se\/wp-content\/uploads\/2024\/02\/IMG_20210715_182057-768x1024.jpg 768w, https:\/\/lindhesidan.se\/wp-content\/uploads\/2024\/02\/IMG_20210715_182057-225x300.jpg 225w, https:\/\/lindhesidan.se\/wp-content\/uploads\/2024\/02\/IMG_20210715_182057-1152x1536.jpg 1152w, https:\/\/lindhesidan.se\/wp-content\/uploads\/2024\/02\/IMG_20210715_182057-1536x2048.jpg 1536w, https:\/\/lindhesidan.se\/wp-content\/uploads\/2024\/02\/IMG_20210715_182057-scaled.jpg 1920w\" sizes=\"auto, (max-width: 768px) 100vw, 768px\" \/><\/figure>\n\n\n\n<figure class=\"wp-block-image size-large\"><img loading=\"lazy\" decoding=\"async\" width=\"768\" height=\"1024\" data-id=\"630\" src=\"http:\/\/lindhesidan.se\/wp-content\/uploads\/2024\/02\/IMG_20170704_202017-768x1024.jpg\" alt=\"\" class=\"wp-image-630\" srcset=\"https:\/\/lindhesidan.se\/wp-content\/uploads\/2024\/02\/IMG_20170704_202017-768x1024.jpg 768w, https:\/\/lindhesidan.se\/wp-content\/uploads\/2024\/02\/IMG_20170704_202017-225x300.jpg 225w, https:\/\/lindhesidan.se\/wp-content\/uploads\/2024\/02\/IMG_20170704_202017-1152x1536.jpg 1152w, https:\/\/lindhesidan.se\/wp-content\/uploads\/2024\/02\/IMG_20170704_202017-1536x2048.jpg 1536w, https:\/\/lindhesidan.se\/wp-content\/uploads\/2024\/02\/IMG_20170704_202017-scaled.jpg 1920w\" sizes=\"auto, (max-width: 768px) 100vw, 768px\" \/><\/figure>\n\n\n\n<figure class=\"wp-block-image size-large\"><img loading=\"lazy\" decoding=\"async\" width=\"768\" height=\"1024\" data-id=\"631\" src=\"http:\/\/lindhesidan.se\/wp-content\/uploads\/2024\/02\/IMG_20170704_202049-768x1024.jpg\" alt=\"\" class=\"wp-image-631\" srcset=\"https:\/\/lindhesidan.se\/wp-content\/uploads\/2024\/02\/IMG_20170704_202049-768x1024.jpg 768w, https:\/\/lindhesidan.se\/wp-content\/uploads\/2024\/02\/IMG_20170704_202049-225x300.jpg 225w, https:\/\/lindhesidan.se\/wp-content\/uploads\/2024\/02\/IMG_20170704_202049-1152x1536.jpg 1152w, https:\/\/lindhesidan.se\/wp-content\/uploads\/2024\/02\/IMG_20170704_202049-1536x2048.jpg 1536w, https:\/\/lindhesidan.se\/wp-content\/uploads\/2024\/02\/IMG_20170704_202049-scaled.jpg 1920w\" sizes=\"auto, (max-width: 768px) 100vw, 768px\" \/><\/figure>\n<\/figure>\n\n\n\n<figure class=\"wp-block-image size-large\"><img loading=\"lazy\" decoding=\"async\" width=\"1024\" height=\"684\" src=\"http:\/\/lindhesidan.se\/wp-content\/uploads\/2024\/03\/Alla-bilder-1-av-1-1024x684.jpeg\" alt=\"\" class=\"wp-image-732\" srcset=\"https:\/\/lindhesidan.se\/wp-content\/uploads\/2024\/03\/Alla-bilder-1-av-1-1024x684.jpeg 1024w, https:\/\/lindhesidan.se\/wp-content\/uploads\/2024\/03\/Alla-bilder-1-av-1-300x200.jpeg 300w, https:\/\/lindhesidan.se\/wp-content\/uploads\/2024\/03\/Alla-bilder-1-av-1-768x513.jpeg 768w, https:\/\/lindhesidan.se\/wp-content\/uploads\/2024\/03\/Alla-bilder-1-av-1-1536x1027.jpeg 1536w, https:\/\/lindhesidan.se\/wp-content\/uploads\/2024\/03\/Alla-bilder-1-av-1.jpeg 1616w\" sizes=\"auto, (max-width: 1024px) 100vw, 1024px\" \/><figcaption class=\"wp-element-caption\">Mysiga Sovrummet<\/figcaption><\/figure>\n\n\n\n<figure class=\"wp-block-image size-large has-custom-border\"><img loading=\"lazy\" decoding=\"async\" width=\"1024\" height=\"576\" src=\"http:\/\/lindhesidan.se\/wp-content\/uploads\/2024\/02\/IMG_20190621_103050-1024x576.jpg\" alt=\"\" class=\"has-border-color has-pale-cyan-blue-border-color wp-image-626\" style=\"border-width:6px;border-radius:16px\" srcset=\"https:\/\/lindhesidan.se\/wp-content\/uploads\/2024\/02\/IMG_20190621_103050-1024x576.jpg 1024w, https:\/\/lindhesidan.se\/wp-content\/uploads\/2024\/02\/IMG_20190621_103050-300x169.jpg 300w, https:\/\/lindhesidan.se\/wp-content\/uploads\/2024\/02\/IMG_20190621_103050-768x432.jpg 768w, https:\/\/lindhesidan.se\/wp-content\/uploads\/2024\/02\/IMG_20190621_103050-1536x865.jpg 1536w, https:\/\/lindhesidan.se\/wp-content\/uploads\/2024\/02\/IMG_20190621_103050-2048x1153.jpg 2048w\" sizes=\"auto, (max-width: 1024px) 100vw, 1024px\" \/><\/figure>\n","protected":false},"excerpt":{"rendered":"<p>H\u00e4r har vi v\u00e5rt paradis i skogen. Stugan ligger p\u00e5 bergsknallen ut mot vattnet. Den inglasade altanen str\u00e4cker sig sedan ut mot klippan i solnedg\u00e5ngsl\u00e4ge, vilket ger en fantastisk utsikt p\u00e5 kv\u00e4llarna.<\/p>\n","protected":false},"author":1,"featured_media":0,"parent":348,"menu_order":0,"comment_status":"closed","ping_status":"closed","template":"","meta":{"footnotes":""},"class_list":["post-363","page","type-page","status-publish","hentry"],"_links":{"self":[{"href":"https:\/\/lindhesidan.se\/index.php?rest_route=\/wp\/v2\/pages\/363","targetHints":{"allow":["GET"]}}],"collection":[{"href":"https:\/\/lindhesidan.se\/index.php?rest_route=\/wp\/v2\/pages"}],"about":[{"href":"https:\/\/lindhesidan.se\/index.php?rest_route=\/wp\/v2\/types\/page"}],"author":[{"embeddable":true,"href":"https:\/\/lindhesidan.se\/index.php?rest_route=\/wp\/v2\/users\/1"}],"replies":[{"embeddable":true,"href":"https:\/\/lindhesidan.se\/index.php?rest_route=%2Fwp%2Fv2%2Fcomments&post=363"}],"version-history":[{"count":8,"href":"https:\/\/lindhesidan.se\/index.php?rest_route=\/wp\/v2\/pages\/363\/revisions"}],"predecessor-version":[{"id":736,"href":"https:\/\/lindhesidan.se\/index.php?rest_route=\/wp\/v2\/pages\/363\/revisions\/736"}],"up":[{"embeddable":true,"href":"https:\/\/lindhesidan.se\/index.php?rest_route=\/wp\/v2\/pages\/348"}],"wp:attachment":[{"href":"https:\/\/lindhesidan.se\/index.php?rest_route=%2Fwp%2Fv2%2Fmedia&parent=363"}],"curies":[{"name":"wp","href":"https:\/\/api.w.org\/{rel}","templated":true}]}}