{"id":348,"date":"2024-02-22T10:49:59","date_gmt":"2024-02-22T09:49:59","guid":{"rendered":"http:\/\/lindhesidan.se\/?page_id=348"},"modified":"2024-03-05T06:31:50","modified_gmt":"2024-03-05T05:31:50","slug":"linden","status":"publish","type":"page","link":"https:\/\/lindhesidan.se\/?page_id=348","title":{"rendered":"Linden"},"content":{"rendered":"\n<p>Mitt i djupa Sm\u00e5land finns en sj\u00f6 vid namn Linden.  H\u00e4r har vid en stuga som vi kallar L\u00e5ngevik. Den ligger p\u00e5 en klippa intill sj\u00f6n med en ljuvlig ut utsikt mot v\u00e4ster. Mitt i sommaren kan man g\u00e5 ner till bryggan med en kopp kaffe. D\u00e4r  njuter man  av kaffet och stillheten n\u00e4r  naturen breder ut sig.  Det \u00e4r en mindfullness utan like n\u00e4r naturen avspeglar sig p\u00e5 vattenytan. <\/p>\n\n\n\n<figure class=\"wp-block-image size-large\"><img loading=\"lazy\" decoding=\"async\" width=\"1024\" height=\"568\" src=\"http:\/\/lindhesidan.se\/wp-content\/uploads\/2024\/02\/Stugan-skogbakkom-juli-2021-1024x568.jpg\" alt=\"\" class=\"wp-image-596\" srcset=\"https:\/\/lindhesidan.se\/wp-content\/uploads\/2024\/02\/Stugan-skogbakkom-juli-2021-1024x568.jpg 1024w, https:\/\/lindhesidan.se\/wp-content\/uploads\/2024\/02\/Stugan-skogbakkom-juli-2021-300x166.jpg 300w, https:\/\/lindhesidan.se\/wp-content\/uploads\/2024\/02\/Stugan-skogbakkom-juli-2021-768x426.jpg 768w, https:\/\/lindhesidan.se\/wp-content\/uploads\/2024\/02\/Stugan-skogbakkom-juli-2021-1536x852.jpg 1536w, https:\/\/lindhesidan.se\/wp-content\/uploads\/2024\/02\/Stugan-skogbakkom-juli-2021-2048x1135.jpg 2048w\" sizes=\"auto, (max-width: 1024px) 100vw, 1024px\" \/><\/figure>\n\n\n\n<figure class=\"wp-block-image size-large\"><img loading=\"lazy\" decoding=\"async\" width=\"1024\" height=\"683\" src=\"http:\/\/lindhesidan.se\/wp-content\/uploads\/2024\/02\/DSC00677-1024x683.jpg\" alt=\"\" class=\"wp-image-599\" srcset=\"https:\/\/lindhesidan.se\/wp-content\/uploads\/2024\/02\/DSC00677-1024x683.jpg 1024w, https:\/\/lindhesidan.se\/wp-content\/uploads\/2024\/02\/DSC00677-300x200.jpg 300w, https:\/\/lindhesidan.se\/wp-content\/uploads\/2024\/02\/DSC00677-768x512.jpg 768w, https:\/\/lindhesidan.se\/wp-content\/uploads\/2024\/02\/DSC00677-1536x1024.jpg 1536w, https:\/\/lindhesidan.se\/wp-content\/uploads\/2024\/02\/DSC00677-2048x1365.jpg 2048w\" sizes=\"auto, (max-width: 1024px) 100vw, 1024px\" \/><\/figure>\n\n\n\n<figure class=\"wp-block-image size-large\"><img loading=\"lazy\" decoding=\"async\" width=\"1024\" height=\"683\" src=\"http:\/\/lindhesidan.se\/wp-content\/uploads\/2024\/02\/DSC00672-1024x683.jpg\" alt=\"\" class=\"wp-image-598\" srcset=\"https:\/\/lindhesidan.se\/wp-content\/uploads\/2024\/02\/DSC00672-1024x683.jpg 1024w, https:\/\/lindhesidan.se\/wp-content\/uploads\/2024\/02\/DSC00672-300x200.jpg 300w, https:\/\/lindhesidan.se\/wp-content\/uploads\/2024\/02\/DSC00672-768x512.jpg 768w, https:\/\/lindhesidan.se\/wp-content\/uploads\/2024\/02\/DSC00672-1536x1024.jpg 1536w, https:\/\/lindhesidan.se\/wp-content\/uploads\/2024\/02\/DSC00672-2048x1365.jpg 2048w\" sizes=\"auto, (max-width: 1024px) 100vw, 1024px\" \/><\/figure>\n\n\n\n<figure class=\"wp-block-gallery has-nested-images columns-default is-cropped wp-block-gallery-1 is-layout-flex wp-block-gallery-is-layout-flex\">\n<figure class=\"wp-block-image size-large\"><img loading=\"lazy\" decoding=\"async\" width=\"1024\" height=\"768\" data-id=\"740\" src=\"http:\/\/lindhesidan.se\/wp-content\/uploads\/2024\/03\/IMG_6193-1024x768.jpg\" alt=\"\" class=\"wp-image-740\" srcset=\"https:\/\/lindhesidan.se\/wp-content\/uploads\/2024\/03\/IMG_6193-1024x768.jpg 1024w, https:\/\/lindhesidan.se\/wp-content\/uploads\/2024\/03\/IMG_6193-300x225.jpg 300w, https:\/\/lindhesidan.se\/wp-content\/uploads\/2024\/03\/IMG_6193-768x576.jpg 768w, https:\/\/lindhesidan.se\/wp-content\/uploads\/2024\/03\/IMG_6193-1536x1152.jpg 1536w, https:\/\/lindhesidan.se\/wp-content\/uploads\/2024\/03\/IMG_6193-2048x1536.jpg 2048w\" sizes=\"auto, (max-width: 1024px) 100vw, 1024px\" \/><\/figure>\n\n\n\n<figure class=\"wp-block-image size-large\"><img loading=\"lazy\" decoding=\"async\" width=\"640\" height=\"480\" data-id=\"86\" src=\"http:\/\/lindhesidan.se\/wp-content\/uploads\/2024\/02\/IMG_79391.jpeg\" alt=\"\" class=\"wp-image-86\" srcset=\"https:\/\/lindhesidan.se\/wp-content\/uploads\/2024\/02\/IMG_79391.jpeg 640w, https:\/\/lindhesidan.se\/wp-content\/uploads\/2024\/02\/IMG_79391-300x225.jpeg 300w\" sizes=\"auto, (max-width: 640px) 100vw, 640px\" \/><figcaption class=\"wp-element-caption\">B\u00e5tbryggan<\/figcaption><\/figure>\n\n\n\n<figure class=\"wp-block-image size-large\"><img loading=\"lazy\" decoding=\"async\" width=\"1024\" height=\"768\" data-id=\"477\" src=\"http:\/\/lindhesidan.se\/wp-content\/uploads\/2024\/02\/70768572071__FF5C433E-8D2F-4270-A1A0-727F54DB2326-1-1024x768.jpg\" alt=\"\" class=\"wp-image-477\" srcset=\"https:\/\/lindhesidan.se\/wp-content\/uploads\/2024\/02\/70768572071__FF5C433E-8D2F-4270-A1A0-727F54DB2326-1-1024x768.jpg 1024w, https:\/\/lindhesidan.se\/wp-content\/uploads\/2024\/02\/70768572071__FF5C433E-8D2F-4270-A1A0-727F54DB2326-1-300x225.jpg 300w, https:\/\/lindhesidan.se\/wp-content\/uploads\/2024\/02\/70768572071__FF5C433E-8D2F-4270-A1A0-727F54DB2326-1-768x576.jpg 768w, https:\/\/lindhesidan.se\/wp-content\/uploads\/2024\/02\/70768572071__FF5C433E-8D2F-4270-A1A0-727F54DB2326-1-1536x1152.jpg 1536w, https:\/\/lindhesidan.se\/wp-content\/uploads\/2024\/02\/70768572071__FF5C433E-8D2F-4270-A1A0-727F54DB2326-1-2048x1536.jpg 2048w\" sizes=\"auto, (max-width: 1024px) 100vw, 1024px\" \/><figcaption class=\"wp-element-caption\">Solnedg\u00e5ng i v\u00e4ster<\/figcaption><\/figure>\n\n\n\n<figure class=\"wp-block-image size-large\"><img loading=\"lazy\" decoding=\"async\" width=\"1024\" height=\"683\" data-id=\"640\" src=\"http:\/\/lindhesidan.se\/wp-content\/uploads\/2024\/02\/DSC01144-1024x683.jpg\" alt=\"\" class=\"wp-image-640\" srcset=\"https:\/\/lindhesidan.se\/wp-content\/uploads\/2024\/02\/DSC01144-1024x683.jpg 1024w, https:\/\/lindhesidan.se\/wp-content\/uploads\/2024\/02\/DSC01144-300x200.jpg 300w, https:\/\/lindhesidan.se\/wp-content\/uploads\/2024\/02\/DSC01144-768x512.jpg 768w, https:\/\/lindhesidan.se\/wp-content\/uploads\/2024\/02\/DSC01144-1536x1024.jpg 1536w, https:\/\/lindhesidan.se\/wp-content\/uploads\/2024\/02\/DSC01144-2048x1365.jpg 2048w\" sizes=\"auto, (max-width: 1024px) 100vw, 1024px\" \/><figcaption class=\"wp-element-caption\"> <\/figcaption><\/figure>\n<\/figure>\n\n\n\n<figure class=\"wp-block-embed is-type-video is-provider-youtube wp-block-embed-youtube wp-embed-aspect-16-9 wp-has-aspect-ratio\"><div class=\"wp-block-embed__wrapper\">\n<iframe loading=\"lazy\" title=\"Kaffe vil linden\" width=\"500\" height=\"281\" src=\"https:\/\/www.youtube.com\/embed\/x2_EQ5S5pto?feature=oembed\" frameborder=\"0\" allow=\"accelerometer; autoplay; clipboard-write; encrypted-media; gyroscope; picture-in-picture; web-share\" referrerpolicy=\"strict-origin-when-cross-origin\" allowfullscreen><\/iframe>\n<\/div><\/figure>\n","protected":false},"excerpt":{"rendered":"<p>Mitt i djupa Sm\u00e5land finns en sj\u00f6 vid namn Linden. H\u00e4r har vid en stuga som vi kallar L\u00e5ngevik. Den ligger p\u00e5 en klippa intill sj\u00f6n med en ljuvlig ut utsikt mot v\u00e4ster. Mitt i sommaren kan man g\u00e5 ner till bryggan med en kopp kaffe. D\u00e4r njuter man av kaffet och stillheten n\u00e4r naturen [&hellip;]<\/p>\n","protected":false},"author":1,"featured_media":0,"parent":0,"menu_order":0,"comment_status":"closed","ping_status":"closed","template":"","meta":{"footnotes":""},"class_list":["post-348","page","type-page","status-publish","hentry"],"_links":{"self":[{"href":"https:\/\/lindhesidan.se\/index.php?rest_route=\/wp\/v2\/pages\/348","targetHints":{"allow":["GET"]}}],"collection":[{"href":"https:\/\/lindhesidan.se\/index.php?rest_route=\/wp\/v2\/pages"}],"about":[{"href":"https:\/\/lindhesidan.se\/index.php?rest_route=\/wp\/v2\/types\/page"}],"author":[{"embeddable":true,"href":"https:\/\/lindhesidan.se\/index.php?rest_route=\/wp\/v2\/users\/1"}],"replies":[{"embeddable":true,"href":"https:\/\/lindhesidan.se\/index.php?rest_route=%2Fwp%2Fv2%2Fcomments&post=348"}],"version-history":[{"count":11,"href":"https:\/\/lindhesidan.se\/index.php?rest_route=\/wp\/v2\/pages\/348\/revisions"}],"predecessor-version":[{"id":741,"href":"https:\/\/lindhesidan.se\/index.php?rest_route=\/wp\/v2\/pages\/348\/revisions\/741"}],"wp:attachment":[{"href":"https:\/\/lindhesidan.se\/index.php?rest_route=%2Fwp%2Fv2%2Fmedia&parent=348"}],"curies":[{"name":"wp","href":"https:\/\/api.w.org\/{rel}","templated":true}]}}