{"id":239,"date":"2024-02-16T16:03:11","date_gmt":"2024-02-16T15:03:11","guid":{"rendered":"http:\/\/5.150.219.51:61202\/?page_id=239"},"modified":"2026-02-04T21:25:05","modified_gmt":"2026-02-04T20:25:05","slug":"lillstugan","status":"publish","type":"page","link":"https:\/\/lindhesidan.se\/?page_id=239","title":{"rendered":"Lillstugan"},"content":{"rendered":"\n<p>Denna lilla p\u00e4rla \u00e4r guld v\u00e4rd n\u00e4r det dyker upp extra g\u00e4ster. En ministuga p\u00e5 drygt 20 kvm. H\u00e4r har vi fixat till det med en ny k\u00f6ksb\u00e4nk f\u00f6r enkelt k\u00f6ksbruk. I rummet finns en uppf\u00e4llbar matplats och n\u00e5gra f\u00e5t\u00f6ljer samt ett ett soffbord. En b\u00e4ddsoffa f\u00f6r tv\u00e5 personer pryder ena kortv\u00e4ggen. En musikanl\u00e4ggning f\u00f6r vinylskivor h\u00f6jer mysfaktorn i retrostilens tecken med Carlson OA5 h\u00f6gtalare och en JVC 70 tals skivspelare. Det funkar \u00e4ven med blutooth coh spotify. Stugan har \u00e4ven ett sovrum f\u00f6r 2-3 pers. En toa med tv\u00e4ttm\u00f6jligheter finns i anslutning till sovrummet.<\/p>\n\n\n\n<figure class=\"wp-block-gallery has-nested-images columns-default is-cropped wp-block-gallery-1 is-layout-flex wp-block-gallery-is-layout-flex\">\n<figure class=\"wp-block-image size-large\"><img loading=\"lazy\" decoding=\"async\" width=\"768\" height=\"1024\" data-id=\"1001\" src=\"https:\/\/lindhesidan.se\/wp-content\/uploads\/2025\/03\/IMG_1468-768x1024.jpeg\" alt=\"\" class=\"wp-image-1001\" srcset=\"https:\/\/lindhesidan.se\/wp-content\/uploads\/2025\/03\/IMG_1468-768x1024.jpeg 768w, https:\/\/lindhesidan.se\/wp-content\/uploads\/2025\/03\/IMG_1468-225x300.jpeg 225w, https:\/\/lindhesidan.se\/wp-content\/uploads\/2025\/03\/IMG_1468-1152x1536.jpeg 1152w, https:\/\/lindhesidan.se\/wp-content\/uploads\/2025\/03\/IMG_1468-1536x2048.jpeg 1536w, https:\/\/lindhesidan.se\/wp-content\/uploads\/2025\/03\/IMG_1468-scaled.jpeg 1920w\" sizes=\"auto, (max-width: 768px) 100vw, 768px\" \/><figcaption class=\"wp-element-caption\">Lillstugerummet<\/figcaption><\/figure>\n\n\n\n<figure class=\"wp-block-image size-large\"><img loading=\"lazy\" decoding=\"async\" width=\"768\" height=\"1024\" data-id=\"988\" src=\"http:\/\/lindhesidan.se\/wp-content\/uploads\/2024\/11\/IMG_9625-768x1024.jpg\" alt=\"\" class=\"wp-image-988\" srcset=\"https:\/\/lindhesidan.se\/wp-content\/uploads\/2024\/11\/IMG_9625-768x1024.jpg 768w, https:\/\/lindhesidan.se\/wp-content\/uploads\/2024\/11\/IMG_9625-225x300.jpg 225w, https:\/\/lindhesidan.se\/wp-content\/uploads\/2024\/11\/IMG_9625-1152x1536.jpg 1152w, https:\/\/lindhesidan.se\/wp-content\/uploads\/2024\/11\/IMG_9625-1536x2048.jpg 1536w, https:\/\/lindhesidan.se\/wp-content\/uploads\/2024\/11\/IMG_9625-scaled.jpg 1920w\" sizes=\"auto, (max-width: 768px) 100vw, 768px\" \/><figcaption class=\"wp-element-caption\">Math\u00f6rna  vid f\u00f6nstret<\/figcaption><\/figure>\n\n\n\n<figure class=\"wp-block-image size-large\"><img loading=\"lazy\" decoding=\"async\" width=\"768\" height=\"1024\" data-id=\"1002\" src=\"https:\/\/lindhesidan.se\/wp-content\/uploads\/2025\/03\/IMG_1465-768x1024.jpeg\" alt=\"\" class=\"wp-image-1002\" srcset=\"https:\/\/lindhesidan.se\/wp-content\/uploads\/2025\/03\/IMG_1465-768x1024.jpeg 768w, https:\/\/lindhesidan.se\/wp-content\/uploads\/2025\/03\/IMG_1465-225x300.jpeg 225w, https:\/\/lindhesidan.se\/wp-content\/uploads\/2025\/03\/IMG_1465-1152x1536.jpeg 1152w, https:\/\/lindhesidan.se\/wp-content\/uploads\/2025\/03\/IMG_1465-1536x2048.jpeg 1536w, https:\/\/lindhesidan.se\/wp-content\/uploads\/2025\/03\/IMG_1465-scaled.jpeg 1920w\" sizes=\"auto, (max-width: 768px) 100vw, 768px\" \/><figcaption class=\"wp-element-caption\">Lillstugan <\/figcaption><\/figure>\n\n\n\n<figure class=\"wp-block-image size-large\"><img loading=\"lazy\" decoding=\"async\" width=\"1024\" height=\"768\" data-id=\"1184\" src=\"https:\/\/lindhesidan.se\/wp-content\/uploads\/2026\/01\/IMG_2160-1024x768.jpg\" alt=\"\" class=\"wp-image-1184\" srcset=\"https:\/\/lindhesidan.se\/wp-content\/uploads\/2026\/01\/IMG_2160-1024x768.jpg 1024w, https:\/\/lindhesidan.se\/wp-content\/uploads\/2026\/01\/IMG_2160-300x225.jpg 300w, https:\/\/lindhesidan.se\/wp-content\/uploads\/2026\/01\/IMG_2160-768x576.jpg 768w, https:\/\/lindhesidan.se\/wp-content\/uploads\/2026\/01\/IMG_2160-1536x1152.jpg 1536w, https:\/\/lindhesidan.se\/wp-content\/uploads\/2026\/01\/IMG_2160-2048x1536.jpg 2048w\" sizes=\"auto, (max-width: 1024px) 100vw, 1024px\" \/><figcaption class=\"wp-element-caption\">20251228<\/figcaption><\/figure>\n<\/figure>\n\n\n\n<p><\/p>\n","protected":false},"excerpt":{"rendered":"<p>Denna lilla p\u00e4rla \u00e4r guld v\u00e4rd n\u00e4r det dyker upp extra g\u00e4ster. En ministuga p\u00e5 drygt 20 kvm. H\u00e4r har vi fixat till det med en ny k\u00f6ksb\u00e4nk f\u00f6r enkelt k\u00f6ksbruk. I rummet finns en uppf\u00e4llbar matplats och n\u00e5gra f\u00e5t\u00f6ljer samt ett ett soffbord. En b\u00e4ddsoffa f\u00f6r tv\u00e5 personer pryder ena kortv\u00e4ggen. En musikanl\u00e4ggning f\u00f6r [&hellip;]<\/p>\n","protected":false},"author":1,"featured_media":0,"parent":314,"menu_order":0,"comment_status":"closed","ping_status":"closed","template":"","meta":{"footnotes":""},"class_list":["post-239","page","type-page","status-publish","hentry"],"_links":{"self":[{"href":"https:\/\/lindhesidan.se\/index.php?rest_route=\/wp\/v2\/pages\/239","targetHints":{"allow":["GET"]}}],"collection":[{"href":"https:\/\/lindhesidan.se\/index.php?rest_route=\/wp\/v2\/pages"}],"about":[{"href":"https:\/\/lindhesidan.se\/index.php?rest_route=\/wp\/v2\/types\/page"}],"author":[{"embeddable":true,"href":"https:\/\/lindhesidan.se\/index.php?rest_route=\/wp\/v2\/users\/1"}],"replies":[{"embeddable":true,"href":"https:\/\/lindhesidan.se\/index.php?rest_route=%2Fwp%2Fv2%2Fcomments&post=239"}],"version-history":[{"count":18,"href":"https:\/\/lindhesidan.se\/index.php?rest_route=\/wp\/v2\/pages\/239\/revisions"}],"predecessor-version":[{"id":1286,"href":"https:\/\/lindhesidan.se\/index.php?rest_route=\/wp\/v2\/pages\/239\/revisions\/1286"}],"up":[{"embeddable":true,"href":"https:\/\/lindhesidan.se\/index.php?rest_route=\/wp\/v2\/pages\/314"}],"wp:attachment":[{"href":"https:\/\/lindhesidan.se\/index.php?rest_route=%2Fwp%2Fv2%2Fmedia&parent=239"}],"curies":[{"name":"wp","href":"https:\/\/api.w.org\/{rel}","templated":true}]}}