{"id":236,"date":"2024-02-16T16:02:42","date_gmt":"2024-02-16T15:02:42","guid":{"rendered":"http:\/\/5.150.219.51:61202\/?page_id=236"},"modified":"2026-02-12T18:47:11","modified_gmt":"2026-02-12T17:47:11","slug":"mellanstugan","status":"publish","type":"page","link":"https:\/\/lindhesidan.se\/?page_id=236","title":{"rendered":"Mellanstugan"},"content":{"rendered":"\n<figure class=\"wp-block-image size-large\"><img loading=\"lazy\" decoding=\"async\" width=\"1024\" height=\"576\" src=\"https:\/\/lindhesidan.se\/wp-content\/uploads\/2026\/01\/IMG_1710-1024x576.jpg\" alt=\"\" class=\"wp-image-1212\" srcset=\"https:\/\/lindhesidan.se\/wp-content\/uploads\/2026\/01\/IMG_1710-1024x576.jpg 1024w, https:\/\/lindhesidan.se\/wp-content\/uploads\/2026\/01\/IMG_1710-300x169.jpg 300w, https:\/\/lindhesidan.se\/wp-content\/uploads\/2026\/01\/IMG_1710-768x432.jpg 768w, https:\/\/lindhesidan.se\/wp-content\/uploads\/2026\/01\/IMG_1710-1536x864.jpg 1536w, https:\/\/lindhesidan.se\/wp-content\/uploads\/2026\/01\/IMG_1710-2048x1152.jpg 2048w\" sizes=\"auto, (max-width: 1024px) 100vw, 1024px\" \/><\/figure>\n\n\n\n<div class=\"wp-block-columns alignwide is-layout-flex wp-container-core-columns-is-layout-28f84493 wp-block-columns-is-layout-flex\">\n<div class=\"wp-block-column is-layout-flow wp-block-column-is-layout-flow\" style=\"flex-basis:49%\">\n<p>Ligger n\u00e4rmast v\u00e4gen p\u00e5 tomten. stugan \u00e4r en timrad stuga p\u00e5 40 kvm. H\u00e4r sover 4-5 personer bra. Den best\u00e5r av Gillesstuga med tv och med umg\u00e4ngessyta. K\u00f6ksdelen \u00e4r integrerad med k\u00f6ksbord f\u00f6r 4-6 pers. Ett sovrum p\u00e5 bottenv\u00e5ningen med 2-3 sovplatser. Direkt vid halldelen finns ett badrum med dusch. Det finns ett sovloft med en dubbels\u00e4ng p\u00e5 \u00f6verv\u00e5ningen. En mysig lite stuga som har g\u00e4stwifi om det skulle beh\u00f6vas. framtidsprojekt \u00e4r att bygga ett insynskydd ut mot gatan i sommar. S\u00e5 \u00e4ven Mellanstugan f\u00e5r lite g\u00e5rdk\u00e4nsla.<\/p>\n<\/div>\n\n\n\n<div class=\"wp-block-column is-layout-flow wp-block-column-is-layout-flow\" style=\"flex-basis:51%\">\n<p class=\"has-text-align-left\">Denna stugan har vi t\u00e4nkt ha som g\u00e4ststuga f\u00f6r v\u00e4nner och eventuellt om n\u00e5gon vill hyra. Den har allt man beh\u00f6ver f\u00f6r en sk\u00f6n vistelse. Nytt f\u00f6r i \u00e5r \u00e4r att den har sopsortering som \u00e4r ett lyft, s\u00e5 man slipper \u00e5ka till tippen och sl\u00e4nga plast,glas metall osv. Gott om parkering finns ocks\u00e5 p\u00e5 tomten.<\/p>\n\n\n\n<p><\/p>\n<\/div>\n<\/div>\n\n\n\n<figure class=\"wp-block-gallery has-nested-images columns-2 is-cropped wp-block-gallery-1 is-layout-flex wp-block-gallery-is-layout-flex\">\n<figure class=\"wp-block-image size-large\"><img loading=\"lazy\" decoding=\"async\" width=\"768\" height=\"1024\" data-id=\"784\" src=\"http:\/\/lindhesidan.se\/wp-content\/uploads\/2024\/03\/IMG_9052-768x1024.jpeg\" alt=\"\" class=\"wp-image-784\" srcset=\"https:\/\/lindhesidan.se\/wp-content\/uploads\/2024\/03\/IMG_9052-768x1024.jpeg 768w, https:\/\/lindhesidan.se\/wp-content\/uploads\/2024\/03\/IMG_9052-225x300.jpeg 225w, https:\/\/lindhesidan.se\/wp-content\/uploads\/2024\/03\/IMG_9052-1152x1536.jpeg 1152w, https:\/\/lindhesidan.se\/wp-content\/uploads\/2024\/03\/IMG_9052-1536x2048.jpeg 1536w, https:\/\/lindhesidan.se\/wp-content\/uploads\/2024\/03\/IMG_9052-scaled.jpeg 1920w\" sizes=\"auto, (max-width: 768px) 100vw, 768px\" \/><figcaption class=\"wp-element-caption\">toa med dusch <\/figcaption><\/figure>\n\n\n\n<figure class=\"wp-block-image size-large\"><img loading=\"lazy\" decoding=\"async\" width=\"1024\" height=\"768\" data-id=\"785\" src=\"http:\/\/lindhesidan.se\/wp-content\/uploads\/2024\/03\/IMG_9048-1024x768.jpeg\" alt=\"\" class=\"wp-image-785\" srcset=\"https:\/\/lindhesidan.se\/wp-content\/uploads\/2024\/03\/IMG_9048-1024x768.jpeg 1024w, https:\/\/lindhesidan.se\/wp-content\/uploads\/2024\/03\/IMG_9048-300x225.jpeg 300w, https:\/\/lindhesidan.se\/wp-content\/uploads\/2024\/03\/IMG_9048-768x576.jpeg 768w, https:\/\/lindhesidan.se\/wp-content\/uploads\/2024\/03\/IMG_9048-1536x1152.jpeg 1536w, https:\/\/lindhesidan.se\/wp-content\/uploads\/2024\/03\/IMG_9048-2048x1536.jpeg 2048w\" sizes=\"auto, (max-width: 1024px) 100vw, 1024px\" \/><figcaption class=\"wp-element-caption\">Smart Tv och stor braskamin<\/figcaption><\/figure>\n\n\n\n<figure class=\"wp-block-image size-large\"><img loading=\"lazy\" decoding=\"async\" width=\"1024\" height=\"768\" data-id=\"786\" src=\"http:\/\/lindhesidan.se\/wp-content\/uploads\/2024\/03\/IMG_9054-1024x768.jpeg\" alt=\"\" class=\"wp-image-786\" srcset=\"https:\/\/lindhesidan.se\/wp-content\/uploads\/2024\/03\/IMG_9054-1024x768.jpeg 1024w, https:\/\/lindhesidan.se\/wp-content\/uploads\/2024\/03\/IMG_9054-300x225.jpeg 300w, https:\/\/lindhesidan.se\/wp-content\/uploads\/2024\/03\/IMG_9054-768x576.jpeg 768w, https:\/\/lindhesidan.se\/wp-content\/uploads\/2024\/03\/IMG_9054-1536x1152.jpeg 1536w, https:\/\/lindhesidan.se\/wp-content\/uploads\/2024\/03\/IMG_9054-2048x1536.jpeg 2048w\" sizes=\"auto, (max-width: 1024px) 100vw, 1024px\" \/><figcaption class=\"wp-element-caption\">Sovloft med dubbels\u00e4ng <\/figcaption><\/figure>\n\n\n\n<figure class=\"wp-block-image size-large\"><img loading=\"lazy\" decoding=\"async\" width=\"768\" height=\"1024\" data-id=\"787\" src=\"http:\/\/lindhesidan.se\/wp-content\/uploads\/2024\/03\/IMG_8378-768x1024.jpeg\" alt=\"\" class=\"wp-image-787\" srcset=\"https:\/\/lindhesidan.se\/wp-content\/uploads\/2024\/03\/IMG_8378-768x1024.jpeg 768w, https:\/\/lindhesidan.se\/wp-content\/uploads\/2024\/03\/IMG_8378-225x300.jpeg 225w, https:\/\/lindhesidan.se\/wp-content\/uploads\/2024\/03\/IMG_8378-1152x1536.jpeg 1152w, https:\/\/lindhesidan.se\/wp-content\/uploads\/2024\/03\/IMG_8378-1536x2048.jpeg 1536w, https:\/\/lindhesidan.se\/wp-content\/uploads\/2024\/03\/IMG_8378-scaled.jpeg 1920w\" sizes=\"auto, (max-width: 768px) 100vw, 768px\" \/><figcaption class=\"wp-element-caption\">Komplett k\u00f6k med allt man beh\u00f6ver<\/figcaption><\/figure>\n<\/figure>\n\n\n\n<figure class=\"wp-block-gallery has-nested-images columns-default is-cropped wp-block-gallery-2 is-layout-flex wp-block-gallery-is-layout-flex\">\n<figure class=\"wp-block-image size-large\"><img loading=\"lazy\" decoding=\"async\" width=\"1024\" height=\"768\" data-id=\"1298\" src=\"https:\/\/lindhesidan.se\/wp-content\/uploads\/2026\/02\/IMG_2304-1024x768.jpeg\" alt=\"\" class=\"wp-image-1298\" srcset=\"https:\/\/lindhesidan.se\/wp-content\/uploads\/2026\/02\/IMG_2304-1024x768.jpeg 1024w, https:\/\/lindhesidan.se\/wp-content\/uploads\/2026\/02\/IMG_2304-300x225.jpeg 300w, https:\/\/lindhesidan.se\/wp-content\/uploads\/2026\/02\/IMG_2304-768x576.jpeg 768w, https:\/\/lindhesidan.se\/wp-content\/uploads\/2026\/02\/IMG_2304-1536x1152.jpeg 1536w, https:\/\/lindhesidan.se\/wp-content\/uploads\/2026\/02\/IMG_2304-2048x1536.jpeg 2048w\" sizes=\"auto, (max-width: 1024px) 100vw, 1024px\" \/><\/figure>\n\n\n\n<figure class=\"wp-block-image size-large\"><img loading=\"lazy\" decoding=\"async\" width=\"1024\" height=\"768\" data-id=\"797\" src=\"http:\/\/lindhesidan.se\/wp-content\/uploads\/2024\/03\/3392DCDE-5416-42BE-9B54-1D77FB6F5C48_1_102_o-1024x768.jpeg\" alt=\"\" class=\"wp-image-797\" srcset=\"https:\/\/lindhesidan.se\/wp-content\/uploads\/2024\/03\/3392DCDE-5416-42BE-9B54-1D77FB6F5C48_1_102_o-1024x768.jpeg 1024w, https:\/\/lindhesidan.se\/wp-content\/uploads\/2024\/03\/3392DCDE-5416-42BE-9B54-1D77FB6F5C48_1_102_o-300x225.jpeg 300w, https:\/\/lindhesidan.se\/wp-content\/uploads\/2024\/03\/3392DCDE-5416-42BE-9B54-1D77FB6F5C48_1_102_o-768x576.jpeg 768w, https:\/\/lindhesidan.se\/wp-content\/uploads\/2024\/03\/3392DCDE-5416-42BE-9B54-1D77FB6F5C48_1_102_o-1536x1152.jpeg 1536w, https:\/\/lindhesidan.se\/wp-content\/uploads\/2024\/03\/3392DCDE-5416-42BE-9B54-1D77FB6F5C48_1_102_o.jpeg 2048w\" sizes=\"auto, (max-width: 1024px) 100vw, 1024px\" \/><\/figure>\n\n\n\n<figure class=\"wp-block-image size-large\"><img loading=\"lazy\" decoding=\"async\" width=\"768\" height=\"1024\" data-id=\"1300\" src=\"https:\/\/lindhesidan.se\/wp-content\/uploads\/2026\/02\/IMG_2307-768x1024.jpeg\" alt=\"\" class=\"wp-image-1300\" srcset=\"https:\/\/lindhesidan.se\/wp-content\/uploads\/2026\/02\/IMG_2307-768x1024.jpeg 768w, https:\/\/lindhesidan.se\/wp-content\/uploads\/2026\/02\/IMG_2307-225x300.jpeg 225w, https:\/\/lindhesidan.se\/wp-content\/uploads\/2026\/02\/IMG_2307-1152x1536.jpeg 1152w, https:\/\/lindhesidan.se\/wp-content\/uploads\/2026\/02\/IMG_2307-1536x2048.jpeg 1536w, https:\/\/lindhesidan.se\/wp-content\/uploads\/2026\/02\/IMG_2307-scaled.jpeg 1920w\" sizes=\"auto, (max-width: 768px) 100vw, 768px\" \/><\/figure>\n\n\n\n<figure class=\"wp-block-image size-large\"><img loading=\"lazy\" decoding=\"async\" width=\"1024\" height=\"576\" data-id=\"791\" src=\"http:\/\/lindhesidan.se\/wp-content\/uploads\/2024\/03\/1020E82A-4024-4D22-A906-307E8BB881FB_1_102_o-1024x576.jpeg\" alt=\"\" class=\"wp-image-791\" srcset=\"https:\/\/lindhesidan.se\/wp-content\/uploads\/2024\/03\/1020E82A-4024-4D22-A906-307E8BB881FB_1_102_o-1024x576.jpeg 1024w, https:\/\/lindhesidan.se\/wp-content\/uploads\/2024\/03\/1020E82A-4024-4D22-A906-307E8BB881FB_1_102_o-300x169.jpeg 300w, https:\/\/lindhesidan.se\/wp-content\/uploads\/2024\/03\/1020E82A-4024-4D22-A906-307E8BB881FB_1_102_o-768x432.jpeg 768w, https:\/\/lindhesidan.se\/wp-content\/uploads\/2024\/03\/1020E82A-4024-4D22-A906-307E8BB881FB_1_102_o-1536x864.jpeg 1536w, https:\/\/lindhesidan.se\/wp-content\/uploads\/2024\/03\/1020E82A-4024-4D22-A906-307E8BB881FB_1_102_o.jpeg 1920w\" sizes=\"auto, (max-width: 1024px) 100vw, 1024px\" \/><\/figure>\n\n\n\n<figure class=\"wp-block-image size-large\"><img loading=\"lazy\" decoding=\"async\" width=\"1024\" height=\"768\" data-id=\"798\" src=\"http:\/\/lindhesidan.se\/wp-content\/uploads\/2024\/03\/73D2D9B8-E0BD-4010-BDC2-925CF357731B-1024x768.jpeg\" alt=\"\" class=\"wp-image-798\" srcset=\"https:\/\/lindhesidan.se\/wp-content\/uploads\/2024\/03\/73D2D9B8-E0BD-4010-BDC2-925CF357731B-1024x768.jpeg 1024w, https:\/\/lindhesidan.se\/wp-content\/uploads\/2024\/03\/73D2D9B8-E0BD-4010-BDC2-925CF357731B-300x225.jpeg 300w, https:\/\/lindhesidan.se\/wp-content\/uploads\/2024\/03\/73D2D9B8-E0BD-4010-BDC2-925CF357731B-768x576.jpeg 768w, https:\/\/lindhesidan.se\/wp-content\/uploads\/2024\/03\/73D2D9B8-E0BD-4010-BDC2-925CF357731B-1536x1152.jpeg 1536w, https:\/\/lindhesidan.se\/wp-content\/uploads\/2024\/03\/73D2D9B8-E0BD-4010-BDC2-925CF357731B-2048x1536.jpeg 2048w\" sizes=\"auto, (max-width: 1024px) 100vw, 1024px\" \/><figcaption class=\"wp-element-caption\">hallen <\/figcaption><\/figure>\n\n\n\n<figure class=\"wp-block-image size-large\"><img loading=\"lazy\" decoding=\"async\" width=\"768\" height=\"1024\" data-id=\"792\" src=\"http:\/\/lindhesidan.se\/wp-content\/uploads\/2024\/03\/9627DD3E-4A50-4B1D-8CE1-B36D44CC0A75_1_102_o-768x1024.jpeg\" alt=\"\" class=\"wp-image-792\" srcset=\"https:\/\/lindhesidan.se\/wp-content\/uploads\/2024\/03\/9627DD3E-4A50-4B1D-8CE1-B36D44CC0A75_1_102_o-768x1024.jpeg 768w, https:\/\/lindhesidan.se\/wp-content\/uploads\/2024\/03\/9627DD3E-4A50-4B1D-8CE1-B36D44CC0A75_1_102_o-225x300.jpeg 225w, https:\/\/lindhesidan.se\/wp-content\/uploads\/2024\/03\/9627DD3E-4A50-4B1D-8CE1-B36D44CC0A75_1_102_o-1152x1536.jpeg 1152w, https:\/\/lindhesidan.se\/wp-content\/uploads\/2024\/03\/9627DD3E-4A50-4B1D-8CE1-B36D44CC0A75_1_102_o.jpeg 1536w\" sizes=\"auto, (max-width: 768px) 100vw, 768px\" \/><figcaption class=\"wp-element-caption\">Sovrum med 2-3 platser och garderob<\/figcaption><\/figure>\n<\/figure>\n\n\n\n<figure class=\"wp-block-image size-large\"><img loading=\"lazy\" decoding=\"async\" width=\"1024\" height=\"768\" src=\"https:\/\/lindhesidan.se\/wp-content\/uploads\/2026\/01\/IMG_1700-1-1024x768.jpg\" alt=\"\" class=\"wp-image-1250\" srcset=\"https:\/\/lindhesidan.se\/wp-content\/uploads\/2026\/01\/IMG_1700-1-1024x768.jpg 1024w, https:\/\/lindhesidan.se\/wp-content\/uploads\/2026\/01\/IMG_1700-1-300x225.jpg 300w, https:\/\/lindhesidan.se\/wp-content\/uploads\/2026\/01\/IMG_1700-1-768x576.jpg 768w, https:\/\/lindhesidan.se\/wp-content\/uploads\/2026\/01\/IMG_1700-1-1536x1152.jpg 1536w, https:\/\/lindhesidan.se\/wp-content\/uploads\/2026\/01\/IMG_1700-1-2048x1536.jpg 2048w\" sizes=\"auto, (max-width: 1024px) 100vw, 1024px\" \/><\/figure>\n\n\n\n<figure class=\"wp-block-image size-large\"><img loading=\"lazy\" decoding=\"async\" width=\"1024\" height=\"576\" src=\"https:\/\/lindhesidan.se\/wp-content\/uploads\/2026\/01\/IMG_1704-1-1024x576.jpg\" alt=\"\" class=\"wp-image-1211\" srcset=\"https:\/\/lindhesidan.se\/wp-content\/uploads\/2026\/01\/IMG_1704-1-1024x576.jpg 1024w, https:\/\/lindhesidan.se\/wp-content\/uploads\/2026\/01\/IMG_1704-1-300x169.jpg 300w, https:\/\/lindhesidan.se\/wp-content\/uploads\/2026\/01\/IMG_1704-1-768x432.jpg 768w, https:\/\/lindhesidan.se\/wp-content\/uploads\/2026\/01\/IMG_1704-1-1536x864.jpg 1536w, https:\/\/lindhesidan.se\/wp-content\/uploads\/2026\/01\/IMG_1704-1-2048x1152.jpg 2048w\" sizes=\"auto, (max-width: 1024px) 100vw, 1024px\" \/><\/figure>\n","protected":false},"excerpt":{"rendered":"<p>Ligger n\u00e4rmast v\u00e4gen p\u00e5 tomten. stugan \u00e4r en timrad stuga p\u00e5 40 kvm. H\u00e4r sover 4-5 personer bra. Den best\u00e5r av Gillesstuga med tv och med umg\u00e4ngessyta. K\u00f6ksdelen \u00e4r integrerad med k\u00f6ksbord f\u00f6r 4-6 pers. Ett sovrum p\u00e5 bottenv\u00e5ningen med 2-3 sovplatser. Direkt vid halldelen finns ett badrum med dusch. Det finns ett sovloft med [&hellip;]<\/p>\n","protected":false},"author":1,"featured_media":0,"parent":314,"menu_order":0,"comment_status":"closed","ping_status":"closed","template":"","meta":{"footnotes":""},"class_list":["post-236","page","type-page","status-publish","hentry"],"_links":{"self":[{"href":"https:\/\/lindhesidan.se\/index.php?rest_route=\/wp\/v2\/pages\/236","targetHints":{"allow":["GET"]}}],"collection":[{"href":"https:\/\/lindhesidan.se\/index.php?rest_route=\/wp\/v2\/pages"}],"about":[{"href":"https:\/\/lindhesidan.se\/index.php?rest_route=\/wp\/v2\/types\/page"}],"author":[{"embeddable":true,"href":"https:\/\/lindhesidan.se\/index.php?rest_route=\/wp\/v2\/users\/1"}],"replies":[{"embeddable":true,"href":"https:\/\/lindhesidan.se\/index.php?rest_route=%2Fwp%2Fv2%2Fcomments&post=236"}],"version-history":[{"count":15,"href":"https:\/\/lindhesidan.se\/index.php?rest_route=\/wp\/v2\/pages\/236\/revisions"}],"predecessor-version":[{"id":1304,"href":"https:\/\/lindhesidan.se\/index.php?rest_route=\/wp\/v2\/pages\/236\/revisions\/1304"}],"up":[{"embeddable":true,"href":"https:\/\/lindhesidan.se\/index.php?rest_route=\/wp\/v2\/pages\/314"}],"wp:attachment":[{"href":"https:\/\/lindhesidan.se\/index.php?rest_route=%2Fwp%2Fv2%2Fmedia&parent=236"}],"curies":[{"name":"wp","href":"https:\/\/api.w.org\/{rel}","templated":true}]}}