{"id":1295,"date":"2026-02-04T22:15:48","date_gmt":"2026-02-04T21:15:48","guid":{"rendered":"https:\/\/lindhesidan.se\/?page_id=1295"},"modified":"2026-04-11T08:21:45","modified_gmt":"2026-04-11T06:21:45","slug":"sevardheter","status":"publish","type":"page","link":"https:\/\/lindhesidan.se\/?page_id=1295","title":{"rendered":"Sev\u00e4rdheter p\u00e5 \u00d6land"},"content":{"rendered":"\n<p><strong>\u00d6land \u00e4r m\u00f6jligheternas \u00f6 p\u00e5 m\u00e5nga s\u00e4tt. Det finns aktiviteter f\u00f6r alla intressen p\u00e5 denna faktisk ganska stora \u00f6. Fr\u00e5n v\u00e5r stuga \u00e4r det 8 mil till L\u00e5nge Jan i s\u00f6der och lika l\u00e5ngt till L\u00e5nge Erik i norr.<\/strong><\/p>\n\n\n\n<figure class=\"wp-block-gallery has-nested-images columns-5 is-cropped wp-block-gallery-1 is-layout-flex wp-block-gallery-is-layout-flex\" style=\"border-style:none;border-width:0px;border-radius:0px\">\n<figure class=\"wp-block-image size-large has-custom-border is-style-rounded\"><img loading=\"lazy\" decoding=\"async\" width=\"768\" height=\"1024\" data-id=\"1381\" src=\"https:\/\/lindhesidan.se\/wp-content\/uploads\/2026\/04\/IMG_9753-768x1024.jpeg\" alt=\"\" class=\"wp-image-1381\" style=\"border-width:1px\" srcset=\"https:\/\/lindhesidan.se\/wp-content\/uploads\/2026\/04\/IMG_9753-768x1024.jpeg 768w, https:\/\/lindhesidan.se\/wp-content\/uploads\/2026\/04\/IMG_9753-225x300.jpeg 225w, https:\/\/lindhesidan.se\/wp-content\/uploads\/2026\/04\/IMG_9753-1152x1536.jpeg 1152w, https:\/\/lindhesidan.se\/wp-content\/uploads\/2026\/04\/IMG_9753-1536x2048.jpeg 1536w, https:\/\/lindhesidan.se\/wp-content\/uploads\/2026\/04\/IMG_9753-scaled.jpeg 1920w\" sizes=\"auto, (max-width: 768px) 100vw, 768px\" \/><\/figure>\n\n\n\n<figure class=\"wp-block-image size-large has-custom-border is-style-rounded\"><img loading=\"lazy\" decoding=\"async\" width=\"1024\" height=\"768\" data-id=\"1254\" src=\"https:\/\/lindhesidan.se\/wp-content\/uploads\/2026\/01\/IMG_1649-1024x768.jpg\" alt=\"\" class=\"wp-image-1254\" style=\"border-width:2px\" srcset=\"https:\/\/lindhesidan.se\/wp-content\/uploads\/2026\/01\/IMG_1649-1024x768.jpg 1024w, https:\/\/lindhesidan.se\/wp-content\/uploads\/2026\/01\/IMG_1649-300x225.jpg 300w, https:\/\/lindhesidan.se\/wp-content\/uploads\/2026\/01\/IMG_1649-768x576.jpg 768w, https:\/\/lindhesidan.se\/wp-content\/uploads\/2026\/01\/IMG_1649-1536x1152.jpg 1536w, https:\/\/lindhesidan.se\/wp-content\/uploads\/2026\/01\/IMG_1649-2048x1536.jpg 2048w\" sizes=\"auto, (max-width: 1024px) 100vw, 1024px\" \/><\/figure>\n\n\n\n<figure class=\"wp-block-image size-large has-custom-border is-style-rounded\"><img loading=\"lazy\" decoding=\"async\" width=\"1024\" height=\"576\" data-id=\"1361\" src=\"https:\/\/lindhesidan.se\/wp-content\/uploads\/2026\/04\/DSC00132-1024x576.jpeg\" alt=\"\" class=\"wp-image-1361\" style=\"border-width:2px\" srcset=\"https:\/\/lindhesidan.se\/wp-content\/uploads\/2026\/04\/DSC00132-1024x576.jpeg 1024w, https:\/\/lindhesidan.se\/wp-content\/uploads\/2026\/04\/DSC00132-300x169.jpeg 300w, https:\/\/lindhesidan.se\/wp-content\/uploads\/2026\/04\/DSC00132-768x432.jpeg 768w, https:\/\/lindhesidan.se\/wp-content\/uploads\/2026\/04\/DSC00132-1536x864.jpeg 1536w, https:\/\/lindhesidan.se\/wp-content\/uploads\/2026\/04\/DSC00132-2048x1152.jpeg 2048w\" sizes=\"auto, (max-width: 1024px) 100vw, 1024px\" \/><\/figure>\n\n\n\n<figure class=\"wp-block-image size-large has-custom-border is-style-rounded\"><img loading=\"lazy\" decoding=\"async\" width=\"1024\" height=\"576\" data-id=\"1363\" src=\"https:\/\/lindhesidan.se\/wp-content\/uploads\/2026\/04\/DSC00122-1024x576.jpeg\" alt=\"\" class=\"wp-image-1363\" style=\"border-width:1px\" srcset=\"https:\/\/lindhesidan.se\/wp-content\/uploads\/2026\/04\/DSC00122-1024x576.jpeg 1024w, https:\/\/lindhesidan.se\/wp-content\/uploads\/2026\/04\/DSC00122-300x169.jpeg 300w, https:\/\/lindhesidan.se\/wp-content\/uploads\/2026\/04\/DSC00122-768x432.jpeg 768w, https:\/\/lindhesidan.se\/wp-content\/uploads\/2026\/04\/DSC00122-1536x864.jpeg 1536w, https:\/\/lindhesidan.se\/wp-content\/uploads\/2026\/04\/DSC00122-2048x1152.jpeg 2048w\" sizes=\"auto, (max-width: 1024px) 100vw, 1024px\" \/><\/figure>\n\n\n\n<figure class=\"wp-block-image size-large has-custom-border is-style-rounded\" style=\"margin-top:0px;margin-right:0;margin-bottom:0px;margin-left:0\"><img loading=\"lazy\" decoding=\"async\" width=\"768\" height=\"1024\" data-id=\"1362\" src=\"https:\/\/lindhesidan.se\/wp-content\/uploads\/2026\/04\/IMG_1829-768x1024.jpeg\" alt=\"\" class=\"wp-image-1362\" style=\"border-width:1px\" srcset=\"https:\/\/lindhesidan.se\/wp-content\/uploads\/2026\/04\/IMG_1829-768x1024.jpeg 768w, https:\/\/lindhesidan.se\/wp-content\/uploads\/2026\/04\/IMG_1829-225x300.jpeg 225w, https:\/\/lindhesidan.se\/wp-content\/uploads\/2026\/04\/IMG_1829-1152x1536.jpeg 1152w, https:\/\/lindhesidan.se\/wp-content\/uploads\/2026\/04\/IMG_1829-1536x2048.jpeg 1536w, https:\/\/lindhesidan.se\/wp-content\/uploads\/2026\/04\/IMG_1829-scaled.jpeg 1920w\" sizes=\"auto, (max-width: 768px) 100vw, 768px\" \/><\/figure>\n<\/figure>\n\n\n\n<h2 class=\"wp-block-heading\">K\u00f6pingvik<\/h2>\n\n\n\n<div class=\"wp-block-media-text is-stacked-on-mobile\"><figure class=\"wp-block-media-text__media\"><a class=\"\" href=\"https:\/\/www.oland.se\/search\/results?q=K%C3%B6pingsvik\" target=\"_blank\" rel=\" noreferrer noopener\"><img loading=\"lazy\" decoding=\"async\" width=\"1024\" height=\"683\" src=\"https:\/\/lindhesidan.se\/wp-content\/uploads\/2026\/04\/kopingsvik-1024x683.webp\" alt=\"\" class=\"wp-image-1378 size-full\" srcset=\"https:\/\/lindhesidan.se\/wp-content\/uploads\/2026\/04\/kopingsvik-1024x683.webp 1024w, https:\/\/lindhesidan.se\/wp-content\/uploads\/2026\/04\/kopingsvik-300x200.webp 300w, https:\/\/lindhesidan.se\/wp-content\/uploads\/2026\/04\/kopingsvik-768x512.webp 768w, https:\/\/lindhesidan.se\/wp-content\/uploads\/2026\/04\/kopingsvik-1536x1024.webp 1536w, https:\/\/lindhesidan.se\/wp-content\/uploads\/2026\/04\/kopingsvik.webp 1920w\" sizes=\"auto, (max-width: 1024px) 100vw, 1024px\" \/><\/a><\/figure><div class=\"wp-block-media-text__content\">\n<p>V\u00e5r n\u00e4rmaste by som ligger 2 km ut mot v\u00e4stra kusten. H\u00e4r finns Icabutik, restauranger, str\u00e4nder och diverse aff\u00e4rer. <\/p>\n<\/div><\/div>\n\n\n\n<p style=\"border-radius:0px\"><\/p>\n\n\n\n<h2 class=\"wp-block-heading\">Borgholm<\/h2>\n\n\n\n<div class=\"wp-block-media-text is-stacked-on-mobile\"><figure class=\"wp-block-media-text__media\"><a href=\"https:\/\/www.oland.se\/search\/results?q=Borgholm\"><img loading=\"lazy\" decoding=\"async\" width=\"1024\" height=\"768\" src=\"https:\/\/lindhesidan.se\/wp-content\/uploads\/2026\/04\/IMG_2153-1024x768.jpeg\" alt=\"\" class=\"wp-image-1365 size-full\" srcset=\"https:\/\/lindhesidan.se\/wp-content\/uploads\/2026\/04\/IMG_2153-1024x768.jpeg 1024w, https:\/\/lindhesidan.se\/wp-content\/uploads\/2026\/04\/IMG_2153-300x225.jpeg 300w, https:\/\/lindhesidan.se\/wp-content\/uploads\/2026\/04\/IMG_2153-768x576.jpeg 768w, https:\/\/lindhesidan.se\/wp-content\/uploads\/2026\/04\/IMG_2153-1536x1152.jpeg 1536w, https:\/\/lindhesidan.se\/wp-content\/uploads\/2026\/04\/IMG_2153-2048x1536.jpeg 2048w\" sizes=\"auto, (max-width: 1024px) 100vw, 1024px\" \/><\/a><\/figure><div class=\"wp-block-media-text__content\">\n<p>V\u00e5r lilla huvudstad p\u00e5 \u00f6land. Det tar runt en halvtimme att cykla till Borholms slottruin f\u00f6r att \u00e5tnjuta en konsert. 20 min till centrum d\u00e4r det mest i restaurangv\u00e4r finns.<\/p>\n\n\n\n<p>Klicka p\u00e5 bilden f\u00f6r info<\/p>\n<\/div><\/div>\n\n\n\n<p><\/p>\n\n\n\n<h2 class=\"wp-block-heading\">Utflykter<\/h2>\n\n\n\n<div class=\"wp-block-media-text is-stacked-on-mobile\"><figure class=\"wp-block-media-text__media\"><a href=\"https:\/\/www.oland.se\/search\/results?q=Utflykter\"><img loading=\"lazy\" decoding=\"async\" width=\"1024\" height=\"768\" src=\"https:\/\/lindhesidan.se\/wp-content\/uploads\/2026\/04\/IMG_9542-1024x768.jpeg\" alt=\"\" class=\"wp-image-1386 size-full\" srcset=\"https:\/\/lindhesidan.se\/wp-content\/uploads\/2026\/04\/IMG_9542-1024x768.jpeg 1024w, https:\/\/lindhesidan.se\/wp-content\/uploads\/2026\/04\/IMG_9542-300x225.jpeg 300w, https:\/\/lindhesidan.se\/wp-content\/uploads\/2026\/04\/IMG_9542-768x576.jpeg 768w, https:\/\/lindhesidan.se\/wp-content\/uploads\/2026\/04\/IMG_9542-1536x1152.jpeg 1536w, https:\/\/lindhesidan.se\/wp-content\/uploads\/2026\/04\/IMG_9542-2048x1536.jpeg 2048w\" sizes=\"auto, (max-width: 1024px) 100vw, 1024px\" \/><\/a><\/figure><div class=\"wp-block-media-text__content\">\n<p>Det finns n\u00e4stan o\u00e4ndligt med mysiga utflykter at g\u00f6ra. <\/p>\n\n\n\n<p>Klicka p\u00e5 bilden f\u00f6r ett axplock vad som finns att uppleva<\/p>\n<\/div><\/div>\n\n\n\n<p><\/p>\n\n\n\n<h2 class=\"wp-block-heading\">Naturupplevelser<\/h2>\n\n\n\n<div class=\"wp-block-media-text is-stacked-on-mobile\"><figure class=\"wp-block-media-text__media\"><a href=\"https:\/\/www.oland.se\/search\/results?q=naturupplevelser\"><img loading=\"lazy\" decoding=\"async\" width=\"1024\" height=\"576\" src=\"https:\/\/lindhesidan.se\/wp-content\/uploads\/2026\/04\/DSC00122-1-1024x576.jpeg\" alt=\"\" class=\"wp-image-1389 size-full\" srcset=\"https:\/\/lindhesidan.se\/wp-content\/uploads\/2026\/04\/DSC00122-1-1024x576.jpeg 1024w, https:\/\/lindhesidan.se\/wp-content\/uploads\/2026\/04\/DSC00122-1-300x169.jpeg 300w, https:\/\/lindhesidan.se\/wp-content\/uploads\/2026\/04\/DSC00122-1-768x432.jpeg 768w, https:\/\/lindhesidan.se\/wp-content\/uploads\/2026\/04\/DSC00122-1-1536x864.jpeg 1536w, https:\/\/lindhesidan.se\/wp-content\/uploads\/2026\/04\/DSC00122-1-2048x1152.jpeg 2048w\" sizes=\"auto, (max-width: 1024px) 100vw, 1024px\" \/><\/a><\/figure><div class=\"wp-block-media-text__content\">\n<p>\u00c4r man sugen p\u00e5 lite kvalit\u00e9tstid i naturen s\u00e5 finns att v\u00e4lja p\u00e5 i tusental.<\/p>\n\n\n\n<p>Klicka p\u00e5 bilden<\/p>\n<\/div><\/div>\n\n\n\n<div class=\"wp-block-media-text is-stacked-on-mobile\"><figure class=\"wp-block-media-text__media\"><a href=\"https:\/\/www.oland.se\/search\/results?q=f%C3%A5gelsk%C3%A5dning\"><img loading=\"lazy\" decoding=\"async\" width=\"1024\" height=\"625\" src=\"https:\/\/lindhesidan.se\/wp-content\/uploads\/2026\/04\/rodhake-2021-juli-1024x625.jpg\" alt=\"\" class=\"wp-image-1393 size-full\" srcset=\"https:\/\/lindhesidan.se\/wp-content\/uploads\/2026\/04\/rodhake-2021-juli-1024x625.jpg 1024w, https:\/\/lindhesidan.se\/wp-content\/uploads\/2026\/04\/rodhake-2021-juli-300x183.jpg 300w, https:\/\/lindhesidan.se\/wp-content\/uploads\/2026\/04\/rodhake-2021-juli-768x469.jpg 768w, https:\/\/lindhesidan.se\/wp-content\/uploads\/2026\/04\/rodhake-2021-juli-1536x938.jpg 1536w, https:\/\/lindhesidan.se\/wp-content\/uploads\/2026\/04\/rodhake-2021-juli-2048x1250.jpg 2048w\" sizes=\"auto, (max-width: 1024px) 100vw, 1024px\" \/><\/a><\/figure><div class=\"wp-block-media-text__content\">\n<p>Att sk\u00e5da f\u00e5glar p\u00e5 \u00f6land \u00e4r ju en sj\u00e4lvklarhet<\/p>\n\n\n\n<p>Klicka p\u00e5 bilden<\/p>\n<\/div><\/div>\n","protected":false},"excerpt":{"rendered":"<p>\u00d6land \u00e4r m\u00f6jligheternas \u00f6 p\u00e5 m\u00e5nga s\u00e4tt. Det finns aktiviteter f\u00f6r alla intressen p\u00e5 denna faktisk ganska stora \u00f6. Fr\u00e5n v\u00e5r stuga \u00e4r det 8 mil till L\u00e5nge Jan i s\u00f6der och lika l\u00e5ngt till L\u00e5nge Erik i norr. K\u00f6pingvik V\u00e5r n\u00e4rmaste by som ligger 2 km ut mot v\u00e4stra kusten. H\u00e4r finns Icabutik, restauranger, [&hellip;]<\/p>\n","protected":false},"author":1,"featured_media":0,"parent":0,"menu_order":0,"comment_status":"closed","ping_status":"closed","template":"","meta":{"footnotes":""},"class_list":["post-1295","page","type-page","status-publish","hentry"],"_links":{"self":[{"href":"https:\/\/lindhesidan.se\/index.php?rest_route=\/wp\/v2\/pages\/1295","targetHints":{"allow":["GET"]}}],"collection":[{"href":"https:\/\/lindhesidan.se\/index.php?rest_route=\/wp\/v2\/pages"}],"about":[{"href":"https:\/\/lindhesidan.se\/index.php?rest_route=\/wp\/v2\/types\/page"}],"author":[{"embeddable":true,"href":"https:\/\/lindhesidan.se\/index.php?rest_route=\/wp\/v2\/users\/1"}],"replies":[{"embeddable":true,"href":"https:\/\/lindhesidan.se\/index.php?rest_route=%2Fwp%2Fv2%2Fcomments&post=1295"}],"version-history":[{"count":9,"href":"https:\/\/lindhesidan.se\/index.php?rest_route=\/wp\/v2\/pages\/1295\/revisions"}],"predecessor-version":[{"id":1394,"href":"https:\/\/lindhesidan.se\/index.php?rest_route=\/wp\/v2\/pages\/1295\/revisions\/1394"}],"wp:attachment":[{"href":"https:\/\/lindhesidan.se\/index.php?rest_route=%2Fwp%2Fv2%2Fmedia&parent=1295"}],"curies":[{"name":"wp","href":"https:\/\/api.w.org\/{rel}","templated":true}]}}